{"id":145,"date":"2025-05-15T16:03:54","date_gmt":"2025-05-15T19:03:54","guid":{"rendered":"https:\/\/departamentos.ufrrj.br\/dca\/?page_id=145"},"modified":"2025-05-15T16:03:54","modified_gmt":"2025-05-15T19:03:54","slug":"artigos-publicacoes-e-demais-comunicacoes","status":"publish","type":"page","link":"https:\/\/departamentos.ufrrj.br\/dca\/artigos-publicacoes-e-demais-comunicacoes\/","title":{"rendered":"Artigos, Publica\u00e7\u00f5es e demais comunica\u00e7\u00f5es"},"content":{"rendered":"","protected":false},"excerpt":{"rendered":"","protected":false},"author":4,"featured_media":0,"parent":0,"menu_order":0,"comment_status":"closed","ping_status":"closed","template":"","meta":{"_acf_changed":false,"footnotes":""},"class_list":["post-145","page","type-page","status-publish","hentry"],"acf":[],"yoast_head":"<!-- This site is optimized with the Yoast SEO plugin v23.4 - https:\/\/yoast.com\/wordpress\/plugins\/seo\/ -->\n<title>Artigos, Publica\u00e7\u00f5es e demais comunica\u00e7\u00f5es - Departamento Ci\u00eancias Administrativas<\/title>\n<meta name=\"robots\" content=\"index, follow, max-snippet:-1, max-image-preview:large, max-video-preview:-1\" \/>\n<link rel=\"canonical\" href=\"https:\/\/departamentos.ufrrj.br\/dca\/artigos-publicacoes-e-demais-comunicacoes\/\" \/>\n<meta property=\"og:locale\" content=\"pt_BR\" \/>\n<meta property=\"og:type\" content=\"article\" \/>\n<meta property=\"og:title\" content=\"Artigos, Publica\u00e7\u00f5es e demais comunica\u00e7\u00f5es - Departamento Ci\u00eancias Administrativas\" \/>\n<meta property=\"og:url\" content=\"https:\/\/departamentos.ufrrj.br\/dca\/artigos-publicacoes-e-demais-comunicacoes\/\" \/>\n<meta property=\"og:site_name\" content=\"Departamento Ci\u00eancias Administrativas\" \/>\n<meta name=\"twitter:card\" content=\"summary_large_image\" \/>\n<script type=\"application\/ld+json\" class=\"yoast-schema-graph\">{\"@context\":\"https:\/\/schema.org\",\"@graph\":[{\"@type\":\"WebPage\",\"@id\":\"https:\/\/departamentos.ufrrj.br\/dca\/artigos-publicacoes-e-demais-comunicacoes\/\",\"url\":\"https:\/\/departamentos.ufrrj.br\/dca\/artigos-publicacoes-e-demais-comunicacoes\/\",\"name\":\"Artigos, Publica\u00e7\u00f5es e demais comunica\u00e7\u00f5es - Departamento Ci\u00eancias Administrativas\",\"isPartOf\":{\"@id\":\"https:\/\/departamentos.ufrrj.br\/dca\/#website\"},\"datePublished\":\"2025-05-15T19:03:54+00:00\",\"dateModified\":\"2025-05-15T19:03:54+00:00\",\"breadcrumb\":{\"@id\":\"https:\/\/departamentos.ufrrj.br\/dca\/artigos-publicacoes-e-demais-comunicacoes\/#breadcrumb\"},\"inLanguage\":\"pt-BR\",\"potentialAction\":[{\"@type\":\"ReadAction\",\"target\":[\"https:\/\/departamentos.ufrrj.br\/dca\/artigos-publicacoes-e-demais-comunicacoes\/\"]}]},{\"@type\":\"BreadcrumbList\",\"@id\":\"https:\/\/departamentos.ufrrj.br\/dca\/artigos-publicacoes-e-demais-comunicacoes\/#breadcrumb\",\"itemListElement\":[{\"@type\":\"ListItem\",\"position\":1,\"name\":\"In\u00edcio\",\"item\":\"https:\/\/departamentos.ufrrj.br\/dca\/\"},{\"@type\":\"ListItem\",\"position\":2,\"name\":\"Artigos, Publica\u00e7\u00f5es e demais comunica\u00e7\u00f5es\"}]},{\"@type\":\"WebSite\",\"@id\":\"https:\/\/departamentos.ufrrj.br\/dca\/#website\",\"url\":\"https:\/\/departamentos.ufrrj.br\/dca\/\",\"name\":\"Departamento Ci\u00eancias Administrativas\",\"description\":\"\",\"potentialAction\":[{\"@type\":\"SearchAction\",\"target\":{\"@type\":\"EntryPoint\",\"urlTemplate\":\"https:\/\/departamentos.ufrrj.br\/dca\/?s={search_term_string}\"},\"query-input\":{\"@type\":\"PropertyValueSpecification\",\"valueRequired\":true,\"valueName\":\"search_term_string\"}}],\"inLanguage\":\"pt-BR\"}]}<\/script>\n<!-- \/ Yoast SEO plugin. -->","yoast_head_json":{"title":"Artigos, Publica\u00e7\u00f5es e demais comunica\u00e7\u00f5es - Departamento Ci\u00eancias Administrativas","robots":{"index":"index","follow":"follow","max-snippet":"max-snippet:-1","max-image-preview":"max-image-preview:large","max-video-preview":"max-video-preview:-1"},"canonical":"https:\/\/departamentos.ufrrj.br\/dca\/artigos-publicacoes-e-demais-comunicacoes\/","og_locale":"pt_BR","og_type":"article","og_title":"Artigos, Publica\u00e7\u00f5es e demais comunica\u00e7\u00f5es - Departamento Ci\u00eancias Administrativas","og_url":"https:\/\/departamentos.ufrrj.br\/dca\/artigos-publicacoes-e-demais-comunicacoes\/","og_site_name":"Departamento Ci\u00eancias Administrativas","twitter_card":"summary_large_image","schema":{"@context":"https:\/\/schema.org","@graph":[{"@type":"WebPage","@id":"https:\/\/departamentos.ufrrj.br\/dca\/artigos-publicacoes-e-demais-comunicacoes\/","url":"https:\/\/departamentos.ufrrj.br\/dca\/artigos-publicacoes-e-demais-comunicacoes\/","name":"Artigos, Publica\u00e7\u00f5es e demais comunica\u00e7\u00f5es - Departamento Ci\u00eancias Administrativas","isPartOf":{"@id":"https:\/\/departamentos.ufrrj.br\/dca\/#website"},"datePublished":"2025-05-15T19:03:54+00:00","dateModified":"2025-05-15T19:03:54+00:00","breadcrumb":{"@id":"https:\/\/departamentos.ufrrj.br\/dca\/artigos-publicacoes-e-demais-comunicacoes\/#breadcrumb"},"inLanguage":"pt-BR","potentialAction":[{"@type":"ReadAction","target":["https:\/\/departamentos.ufrrj.br\/dca\/artigos-publicacoes-e-demais-comunicacoes\/"]}]},{"@type":"BreadcrumbList","@id":"https:\/\/departamentos.ufrrj.br\/dca\/artigos-publicacoes-e-demais-comunicacoes\/#breadcrumb","itemListElement":[{"@type":"ListItem","position":1,"name":"In\u00edcio","item":"https:\/\/departamentos.ufrrj.br\/dca\/"},{"@type":"ListItem","position":2,"name":"Artigos, Publica\u00e7\u00f5es e demais comunica\u00e7\u00f5es"}]},{"@type":"WebSite","@id":"https:\/\/departamentos.ufrrj.br\/dca\/#website","url":"https:\/\/departamentos.ufrrj.br\/dca\/","name":"Departamento Ci\u00eancias Administrativas","description":"","potentialAction":[{"@type":"SearchAction","target":{"@type":"EntryPoint","urlTemplate":"https:\/\/departamentos.ufrrj.br\/dca\/?s={search_term_string}"},"query-input":{"@type":"PropertyValueSpecification","valueRequired":true,"valueName":"search_term_string"}}],"inLanguage":"pt-BR"}]}},"_links":{"self":[{"href":"https:\/\/departamentos.ufrrj.br\/dca\/wp-json\/wp\/v2\/pages\/145"}],"collection":[{"href":"https:\/\/departamentos.ufrrj.br\/dca\/wp-json\/wp\/v2\/pages"}],"about":[{"href":"https:\/\/departamentos.ufrrj.br\/dca\/wp-json\/wp\/v2\/types\/page"}],"author":[{"embeddable":true,"href":"https:\/\/departamentos.ufrrj.br\/dca\/wp-json\/wp\/v2\/users\/4"}],"replies":[{"embeddable":true,"href":"https:\/\/departamentos.ufrrj.br\/dca\/wp-json\/wp\/v2\/comments?post=145"}],"version-history":[{"count":1,"href":"https:\/\/departamentos.ufrrj.br\/dca\/wp-json\/wp\/v2\/pages\/145\/revisions"}],"predecessor-version":[{"id":150,"href":"https:\/\/departamentos.ufrrj.br\/dca\/wp-json\/wp\/v2\/pages\/145\/revisions\/150"}],"wp:attachment":[{"href":"https:\/\/departamentos.ufrrj.br\/dca\/wp-json\/wp\/v2\/media?parent=145"}],"curies":[{"name":"wp","href":"https:\/\/api.w.org\/{rel}","templated":true}]}}