{"id":49,"date":"2024-09-30T14:56:53","date_gmt":"2024-09-30T17:56:53","guid":{"rendered":"https:\/\/departamentos.ufrrj.br\/dce\/?page_id=49"},"modified":"2024-12-17T14:21:05","modified_gmt":"2024-12-17T17:21:05","slug":"informacoes-e-documentos-relevantes","status":"publish","type":"page","link":"https:\/\/departamentos.ufrrj.br\/dce\/informacoes-e-documentos-relevantes\/","title":{"rendered":"Documentos"},"content":{"rendered":"\n<p>Espa\u00e7o para corpo t\u00e9cnico e docente acessar informa\u00e7\u00f5es relevantes para carreira, inclu\u00eddos contatos \u00fateis como PROGEP (Pr\u00f3-reitoria de Gest\u00e3o de Pessoas) e seus departamentos e coordena\u00e7\u00f5es e CASST (Coordena\u00e7\u00e3o de Aten\u00e7\u00e3o \u00e0 Sa\u00fade e Seguran\u00e7a do Trabalho), dentre outros documentos institucionais de relev\u00e2ncia, como regulamento da gradua\u00e7\u00e3o. \u00c9 um reposit\u00f3rio de documentos necess\u00e1rios e, muitas vezes, dispersos em ac\u00famulo de informa\u00e7\u00f5es recebidas.<\/p>\n\n\n\n<p>Acesse essas informa\u00e7\u00f5es pelos itens\/posts.<\/p>\n","protected":false},"excerpt":{"rendered":"<p>Espa\u00e7o para corpo t\u00e9cnico e docente acessar informa\u00e7\u00f5es relevantes para carreira, inclu\u00eddos contatos \u00fateis como PROGEP (Pr\u00f3-reitoria de Gest\u00e3o de Pessoas) e [&hellip;]<\/p>\n","protected":false},"author":3,"featured_media":0,"parent":0,"menu_order":0,"comment_status":"closed","ping_status":"closed","template":"","meta":{"_acf_changed":false,"footnotes":""},"class_list":["post-49","page","type-page","status-publish","hentry"],"acf":[],"yoast_head":"<!-- This site is optimized with the Yoast SEO plugin v23.4 - https:\/\/yoast.com\/wordpress\/plugins\/seo\/ -->\n<title>Documentos - Departamento Ci\u00eancias Econ\u00f4micas<\/title>\n<meta name=\"robots\" content=\"index, follow, max-snippet:-1, max-image-preview:large, max-video-preview:-1\" \/>\n<link rel=\"canonical\" href=\"https:\/\/departamentos.ufrrj.br\/dce\/informacoes-e-documentos-relevantes\/\" \/>\n<meta property=\"og:locale\" content=\"pt_BR\" \/>\n<meta property=\"og:type\" content=\"article\" \/>\n<meta property=\"og:title\" content=\"Documentos - Departamento Ci\u00eancias Econ\u00f4micas\" \/>\n<meta property=\"og:description\" content=\"Espa\u00e7o para corpo t\u00e9cnico e docente acessar informa\u00e7\u00f5es relevantes para carreira, inclu\u00eddos contatos \u00fateis como PROGEP (Pr\u00f3-reitoria de Gest\u00e3o de Pessoas) e [&hellip;]\" \/>\n<meta property=\"og:url\" content=\"https:\/\/departamentos.ufrrj.br\/dce\/informacoes-e-documentos-relevantes\/\" \/>\n<meta property=\"og:site_name\" content=\"Departamento Ci\u00eancias Econ\u00f4micas\" \/>\n<meta property=\"article:modified_time\" content=\"2024-12-17T17:21:05+00:00\" \/>\n<meta name=\"twitter:card\" content=\"summary_large_image\" \/>\n<meta name=\"twitter:label1\" content=\"Est. tempo de leitura\" \/>\n\t<meta name=\"twitter:data1\" content=\"1 minuto\" \/>\n<script type=\"application\/ld+json\" class=\"yoast-schema-graph\">{\"@context\":\"https:\/\/schema.org\",\"@graph\":[{\"@type\":\"WebPage\",\"@id\":\"https:\/\/departamentos.ufrrj.br\/dce\/informacoes-e-documentos-relevantes\/\",\"url\":\"https:\/\/departamentos.ufrrj.br\/dce\/informacoes-e-documentos-relevantes\/\",\"name\":\"Documentos - Departamento Ci\u00eancias Econ\u00f4micas\",\"isPartOf\":{\"@id\":\"https:\/\/departamentos.ufrrj.br\/dce\/#website\"},\"datePublished\":\"2024-09-30T17:56:53+00:00\",\"dateModified\":\"2024-12-17T17:21:05+00:00\",\"breadcrumb\":{\"@id\":\"https:\/\/departamentos.ufrrj.br\/dce\/informacoes-e-documentos-relevantes\/#breadcrumb\"},\"inLanguage\":\"pt-BR\",\"potentialAction\":[{\"@type\":\"ReadAction\",\"target\":[\"https:\/\/departamentos.ufrrj.br\/dce\/informacoes-e-documentos-relevantes\/\"]}]},{\"@type\":\"BreadcrumbList\",\"@id\":\"https:\/\/departamentos.ufrrj.br\/dce\/informacoes-e-documentos-relevantes\/#breadcrumb\",\"itemListElement\":[{\"@type\":\"ListItem\",\"position\":1,\"name\":\"In\u00edcio\",\"item\":\"https:\/\/departamentos.ufrrj.br\/dce\/\"},{\"@type\":\"ListItem\",\"position\":2,\"name\":\"Documentos\"}]},{\"@type\":\"WebSite\",\"@id\":\"https:\/\/departamentos.ufrrj.br\/dce\/#website\",\"url\":\"https:\/\/departamentos.ufrrj.br\/dce\/\",\"name\":\"Departamento Ci\u00eancias Econ\u00f4micas\",\"description\":\"\",\"potentialAction\":[{\"@type\":\"SearchAction\",\"target\":{\"@type\":\"EntryPoint\",\"urlTemplate\":\"https:\/\/departamentos.ufrrj.br\/dce\/?s={search_term_string}\"},\"query-input\":{\"@type\":\"PropertyValueSpecification\",\"valueRequired\":true,\"valueName\":\"search_term_string\"}}],\"inLanguage\":\"pt-BR\"}]}<\/script>\n<!-- \/ Yoast SEO plugin. -->","yoast_head_json":{"title":"Documentos - Departamento Ci\u00eancias Econ\u00f4micas","robots":{"index":"index","follow":"follow","max-snippet":"max-snippet:-1","max-image-preview":"max-image-preview:large","max-video-preview":"max-video-preview:-1"},"canonical":"https:\/\/departamentos.ufrrj.br\/dce\/informacoes-e-documentos-relevantes\/","og_locale":"pt_BR","og_type":"article","og_title":"Documentos - Departamento Ci\u00eancias Econ\u00f4micas","og_description":"Espa\u00e7o para corpo t\u00e9cnico e docente acessar informa\u00e7\u00f5es relevantes para carreira, inclu\u00eddos contatos \u00fateis como PROGEP (Pr\u00f3-reitoria de Gest\u00e3o de Pessoas) e [&hellip;]","og_url":"https:\/\/departamentos.ufrrj.br\/dce\/informacoes-e-documentos-relevantes\/","og_site_name":"Departamento Ci\u00eancias Econ\u00f4micas","article_modified_time":"2024-12-17T17:21:05+00:00","twitter_card":"summary_large_image","twitter_misc":{"Est. tempo de leitura":"1 minuto"},"schema":{"@context":"https:\/\/schema.org","@graph":[{"@type":"WebPage","@id":"https:\/\/departamentos.ufrrj.br\/dce\/informacoes-e-documentos-relevantes\/","url":"https:\/\/departamentos.ufrrj.br\/dce\/informacoes-e-documentos-relevantes\/","name":"Documentos - Departamento Ci\u00eancias Econ\u00f4micas","isPartOf":{"@id":"https:\/\/departamentos.ufrrj.br\/dce\/#website"},"datePublished":"2024-09-30T17:56:53+00:00","dateModified":"2024-12-17T17:21:05+00:00","breadcrumb":{"@id":"https:\/\/departamentos.ufrrj.br\/dce\/informacoes-e-documentos-relevantes\/#breadcrumb"},"inLanguage":"pt-BR","potentialAction":[{"@type":"ReadAction","target":["https:\/\/departamentos.ufrrj.br\/dce\/informacoes-e-documentos-relevantes\/"]}]},{"@type":"BreadcrumbList","@id":"https:\/\/departamentos.ufrrj.br\/dce\/informacoes-e-documentos-relevantes\/#breadcrumb","itemListElement":[{"@type":"ListItem","position":1,"name":"In\u00edcio","item":"https:\/\/departamentos.ufrrj.br\/dce\/"},{"@type":"ListItem","position":2,"name":"Documentos"}]},{"@type":"WebSite","@id":"https:\/\/departamentos.ufrrj.br\/dce\/#website","url":"https:\/\/departamentos.ufrrj.br\/dce\/","name":"Departamento Ci\u00eancias Econ\u00f4micas","description":"","potentialAction":[{"@type":"SearchAction","target":{"@type":"EntryPoint","urlTemplate":"https:\/\/departamentos.ufrrj.br\/dce\/?s={search_term_string}"},"query-input":{"@type":"PropertyValueSpecification","valueRequired":true,"valueName":"search_term_string"}}],"inLanguage":"pt-BR"}]}},"_links":{"self":[{"href":"https:\/\/departamentos.ufrrj.br\/dce\/wp-json\/wp\/v2\/pages\/49"}],"collection":[{"href":"https:\/\/departamentos.ufrrj.br\/dce\/wp-json\/wp\/v2\/pages"}],"about":[{"href":"https:\/\/departamentos.ufrrj.br\/dce\/wp-json\/wp\/v2\/types\/page"}],"author":[{"embeddable":true,"href":"https:\/\/departamentos.ufrrj.br\/dce\/wp-json\/wp\/v2\/users\/3"}],"replies":[{"embeddable":true,"href":"https:\/\/departamentos.ufrrj.br\/dce\/wp-json\/wp\/v2\/comments?post=49"}],"version-history":[{"count":5,"href":"https:\/\/departamentos.ufrrj.br\/dce\/wp-json\/wp\/v2\/pages\/49\/revisions"}],"predecessor-version":[{"id":533,"href":"https:\/\/departamentos.ufrrj.br\/dce\/wp-json\/wp\/v2\/pages\/49\/revisions\/533"}],"wp:attachment":[{"href":"https:\/\/departamentos.ufrrj.br\/dce\/wp-json\/wp\/v2\/media?parent=49"}],"curies":[{"name":"wp","href":"https:\/\/api.w.org\/{rel}","templated":true}]}}