{"id":705,"date":"2026-03-19T19:43:11","date_gmt":"2026-03-19T22:43:11","guid":{"rendered":"https:\/\/departamentos.ufrrj.br\/dce\/?page_id=705"},"modified":"2026-03-19T19:43:11","modified_gmt":"2026-03-19T22:43:11","slug":"calendario-de-reunioes-do-colegiado-do-dece","status":"publish","type":"page","link":"https:\/\/departamentos.ufrrj.br\/dce\/calendario-de-reunioes-do-colegiado-do-dece\/","title":{"rendered":"Calend\u00e1rio de reuni\u00f5es do Colegiado do DeCE"},"content":{"rendered":"\n<p>S\u00e3o membros: todos os docentes lotados no DeCE, bem como t\u00e9cnico administrativo e representa\u00e7\u00e3o discente, conforme Estatuto e Regimento da UFRRJ.<\/p>\n\n\n\n<p><a href=\"https:\/\/departamentos.ufrrj.br\/dce\/wp-content\/uploads\/sites\/2\/2026\/03\/CALENDARIO-DE-REUNIOES-DO-COLEGIADO-DE-DEPARTAMENTO-2026-PROPSOTA.pdf\">2026<\/a><\/p>\n\n\n","protected":false},"excerpt":{"rendered":"<p>S\u00e3o membros: todos os docentes lotados no DeCE, bem como t\u00e9cnico administrativo e representa\u00e7\u00e3o discente, conforme Estatuto e Regimento da UFRRJ. 2026<\/p>\n","protected":false},"author":3,"featured_media":0,"parent":0,"menu_order":0,"comment_status":"closed","ping_status":"closed","template":"","meta":{"_acf_changed":false,"footnotes":""},"class_list":["post-705","page","type-page","status-publish","hentry"],"acf":[],"yoast_head":"<!-- This site is optimized with the Yoast SEO plugin v23.4 - https:\/\/yoast.com\/wordpress\/plugins\/seo\/ -->\n<title>Calend\u00e1rio de reuni\u00f5es do Colegiado do DeCE - Departamento Ci\u00eancias Econ\u00f4micas<\/title>\n<meta name=\"robots\" content=\"index, follow, max-snippet:-1, max-image-preview:large, max-video-preview:-1\" \/>\n<link rel=\"canonical\" href=\"https:\/\/departamentos.ufrrj.br\/dce\/calendario-de-reunioes-do-colegiado-do-dece\/\" \/>\n<meta property=\"og:locale\" content=\"pt_BR\" \/>\n<meta property=\"og:type\" content=\"article\" \/>\n<meta property=\"og:title\" content=\"Calend\u00e1rio de reuni\u00f5es do Colegiado do DeCE - Departamento Ci\u00eancias Econ\u00f4micas\" \/>\n<meta property=\"og:description\" content=\"S\u00e3o membros: todos os docentes lotados no DeCE, bem como t\u00e9cnico administrativo e representa\u00e7\u00e3o discente, conforme Estatuto e Regimento da UFRRJ. 2026\" \/>\n<meta property=\"og:url\" content=\"https:\/\/departamentos.ufrrj.br\/dce\/calendario-de-reunioes-do-colegiado-do-dece\/\" \/>\n<meta property=\"og:site_name\" content=\"Departamento Ci\u00eancias Econ\u00f4micas\" \/>\n<meta name=\"twitter:card\" content=\"summary_large_image\" \/>\n<meta name=\"twitter:label1\" content=\"Est. tempo de leitura\" \/>\n\t<meta name=\"twitter:data1\" content=\"1 minuto\" \/>\n<script type=\"application\/ld+json\" class=\"yoast-schema-graph\">{\"@context\":\"https:\/\/schema.org\",\"@graph\":[{\"@type\":\"WebPage\",\"@id\":\"https:\/\/departamentos.ufrrj.br\/dce\/calendario-de-reunioes-do-colegiado-do-dece\/\",\"url\":\"https:\/\/departamentos.ufrrj.br\/dce\/calendario-de-reunioes-do-colegiado-do-dece\/\",\"name\":\"Calend\u00e1rio de reuni\u00f5es do Colegiado do DeCE - Departamento Ci\u00eancias Econ\u00f4micas\",\"isPartOf\":{\"@id\":\"https:\/\/departamentos.ufrrj.br\/dce\/#website\"},\"datePublished\":\"2026-03-19T22:43:11+00:00\",\"dateModified\":\"2026-03-19T22:43:11+00:00\",\"breadcrumb\":{\"@id\":\"https:\/\/departamentos.ufrrj.br\/dce\/calendario-de-reunioes-do-colegiado-do-dece\/#breadcrumb\"},\"inLanguage\":\"pt-BR\",\"potentialAction\":[{\"@type\":\"ReadAction\",\"target\":[\"https:\/\/departamentos.ufrrj.br\/dce\/calendario-de-reunioes-do-colegiado-do-dece\/\"]}]},{\"@type\":\"BreadcrumbList\",\"@id\":\"https:\/\/departamentos.ufrrj.br\/dce\/calendario-de-reunioes-do-colegiado-do-dece\/#breadcrumb\",\"itemListElement\":[{\"@type\":\"ListItem\",\"position\":1,\"name\":\"In\u00edcio\",\"item\":\"https:\/\/departamentos.ufrrj.br\/dce\/\"},{\"@type\":\"ListItem\",\"position\":2,\"name\":\"Calend\u00e1rio de reuni\u00f5es do Colegiado do DeCE\"}]},{\"@type\":\"WebSite\",\"@id\":\"https:\/\/departamentos.ufrrj.br\/dce\/#website\",\"url\":\"https:\/\/departamentos.ufrrj.br\/dce\/\",\"name\":\"Departamento Ci\u00eancias Econ\u00f4micas\",\"description\":\"\",\"potentialAction\":[{\"@type\":\"SearchAction\",\"target\":{\"@type\":\"EntryPoint\",\"urlTemplate\":\"https:\/\/departamentos.ufrrj.br\/dce\/?s={search_term_string}\"},\"query-input\":{\"@type\":\"PropertyValueSpecification\",\"valueRequired\":true,\"valueName\":\"search_term_string\"}}],\"inLanguage\":\"pt-BR\"}]}<\/script>\n<!-- \/ Yoast SEO plugin. -->","yoast_head_json":{"title":"Calend\u00e1rio de reuni\u00f5es do Colegiado do DeCE - Departamento Ci\u00eancias Econ\u00f4micas","robots":{"index":"index","follow":"follow","max-snippet":"max-snippet:-1","max-image-preview":"max-image-preview:large","max-video-preview":"max-video-preview:-1"},"canonical":"https:\/\/departamentos.ufrrj.br\/dce\/calendario-de-reunioes-do-colegiado-do-dece\/","og_locale":"pt_BR","og_type":"article","og_title":"Calend\u00e1rio de reuni\u00f5es do Colegiado do DeCE - Departamento Ci\u00eancias Econ\u00f4micas","og_description":"S\u00e3o membros: todos os docentes lotados no DeCE, bem como t\u00e9cnico administrativo e representa\u00e7\u00e3o discente, conforme Estatuto e Regimento da UFRRJ. 2026","og_url":"https:\/\/departamentos.ufrrj.br\/dce\/calendario-de-reunioes-do-colegiado-do-dece\/","og_site_name":"Departamento Ci\u00eancias Econ\u00f4micas","twitter_card":"summary_large_image","twitter_misc":{"Est. tempo de leitura":"1 minuto"},"schema":{"@context":"https:\/\/schema.org","@graph":[{"@type":"WebPage","@id":"https:\/\/departamentos.ufrrj.br\/dce\/calendario-de-reunioes-do-colegiado-do-dece\/","url":"https:\/\/departamentos.ufrrj.br\/dce\/calendario-de-reunioes-do-colegiado-do-dece\/","name":"Calend\u00e1rio de reuni\u00f5es do Colegiado do DeCE - Departamento Ci\u00eancias Econ\u00f4micas","isPartOf":{"@id":"https:\/\/departamentos.ufrrj.br\/dce\/#website"},"datePublished":"2026-03-19T22:43:11+00:00","dateModified":"2026-03-19T22:43:11+00:00","breadcrumb":{"@id":"https:\/\/departamentos.ufrrj.br\/dce\/calendario-de-reunioes-do-colegiado-do-dece\/#breadcrumb"},"inLanguage":"pt-BR","potentialAction":[{"@type":"ReadAction","target":["https:\/\/departamentos.ufrrj.br\/dce\/calendario-de-reunioes-do-colegiado-do-dece\/"]}]},{"@type":"BreadcrumbList","@id":"https:\/\/departamentos.ufrrj.br\/dce\/calendario-de-reunioes-do-colegiado-do-dece\/#breadcrumb","itemListElement":[{"@type":"ListItem","position":1,"name":"In\u00edcio","item":"https:\/\/departamentos.ufrrj.br\/dce\/"},{"@type":"ListItem","position":2,"name":"Calend\u00e1rio de reuni\u00f5es do Colegiado do DeCE"}]},{"@type":"WebSite","@id":"https:\/\/departamentos.ufrrj.br\/dce\/#website","url":"https:\/\/departamentos.ufrrj.br\/dce\/","name":"Departamento Ci\u00eancias Econ\u00f4micas","description":"","potentialAction":[{"@type":"SearchAction","target":{"@type":"EntryPoint","urlTemplate":"https:\/\/departamentos.ufrrj.br\/dce\/?s={search_term_string}"},"query-input":{"@type":"PropertyValueSpecification","valueRequired":true,"valueName":"search_term_string"}}],"inLanguage":"pt-BR"}]}},"_links":{"self":[{"href":"https:\/\/departamentos.ufrrj.br\/dce\/wp-json\/wp\/v2\/pages\/705"}],"collection":[{"href":"https:\/\/departamentos.ufrrj.br\/dce\/wp-json\/wp\/v2\/pages"}],"about":[{"href":"https:\/\/departamentos.ufrrj.br\/dce\/wp-json\/wp\/v2\/types\/page"}],"author":[{"embeddable":true,"href":"https:\/\/departamentos.ufrrj.br\/dce\/wp-json\/wp\/v2\/users\/3"}],"replies":[{"embeddable":true,"href":"https:\/\/departamentos.ufrrj.br\/dce\/wp-json\/wp\/v2\/comments?post=705"}],"version-history":[{"count":1,"href":"https:\/\/departamentos.ufrrj.br\/dce\/wp-json\/wp\/v2\/pages\/705\/revisions"}],"predecessor-version":[{"id":707,"href":"https:\/\/departamentos.ufrrj.br\/dce\/wp-json\/wp\/v2\/pages\/705\/revisions\/707"}],"wp:attachment":[{"href":"https:\/\/departamentos.ufrrj.br\/dce\/wp-json\/wp\/v2\/media?parent=705"}],"curies":[{"name":"wp","href":"https:\/\/api.w.org\/{rel}","templated":true}]}}