{"id":623,"date":"2025-03-18T13:50:49","date_gmt":"2025-03-18T16:50:49","guid":{"rendered":"https:\/\/departamentos.ufrrj.br\/del\/?page_id=623"},"modified":"2025-05-21T14:12:39","modified_gmt":"2025-05-21T17:12:39","slug":"projeto-vencer-baixada-fluminense","status":"publish","type":"page","link":"https:\/\/departamentos.ufrrj.br\/del\/projeto-vencer-baixada-fluminense\/","title":{"rendered":"Projeto Vencer &#8211; Baixada Fluminense"},"content":{"rendered":"<div class=\"wp-block-image\">\n<figure class=\"aligncenter size-full\"><img loading=\"lazy\" decoding=\"async\" width=\"150\" height=\"150\" src=\"https:\/\/departamentos.ufrrj.br\/del\/wp-content\/uploads\/sites\/5\/2025\/03\/Design-sem-nome-1-150x150-1.jpg\" alt=\"\" class=\"wp-image-609\" srcset=\"https:\/\/departamentos.ufrrj.br\/del\/wp-content\/uploads\/sites\/5\/2025\/03\/Design-sem-nome-1-150x150-1.jpg 150w, https:\/\/departamentos.ufrrj.br\/del\/wp-content\/uploads\/sites\/5\/2025\/03\/Design-sem-nome-1-150x150-1-70x70.jpg 70w\" sizes=\"(max-width: 150px) 100vw, 150px\" \/><\/figure><\/div>\n\n\n<p><\/p>\n\n\n\n<p>O esporte desempenha um papel fundamental na promo\u00e7\u00e3o de valores sociais, desenvolvimento pessoal e coes\u00e3o comunit\u00e1ria, sendo amplamente reconhecido como uma ferramenta poderosa para a transforma\u00e7\u00e3o social. O projeto \u201cVencer \u2013 Baixada Fluminense\u201d tem como objetivo democratizar o acesso ao esporte entre crian\u00e7as e adolescentes a partir de 6 anos de idade na Baixada Fluminense, utilizando lutas e gin\u00e1stica funcional para promover disciplina, respeito e solidariedade. A pr\u00e1tica esportiva, conforme demonstrado por estudos da UNESCO (2017) e do Minist\u00e9rio da Cidadania (2018), contribui para o desenvolvimento integral dos jovens, reduzindo comportamentos de risco e fortalecendo habilidades socioemocionais.<\/p>\n\n\n\n<p>Nosso trabalho tem como principal objetivo democratizar o acesso ao esporte, promovendo valores como disciplina, respeito e solidariedade atrav\u00e9s das lutas e da ginastica funcional, com p\u00fablico-alvo a partir de 06 anos de idade em Nova Igua\u00e7u\/RJ na Baixada Fluminense, contribuindo para seu desenvolvimento integral e inclus\u00e3o social. O projeto est\u00e1 sendo executado em um n\u00facleo no bairro de Nova Era, munic\u00edpio de Nova Igua\u00e7u, na Baixada Fluminense. Esse n\u00facleo oferece pr\u00e1ticas esportivas e motoras relacionadas as lutas e gin\u00e1stica funcional, adaptadas \u00e0s necessidades espec\u00edficas dos participantes. H\u00e1 o monitoramento cont\u00ednuo para garantir que as atividades est\u00e3o alinhadas com os objetivos de inclus\u00e3o social e desenvolvimento pessoal. Espera-se que o projeto resulte no aumento da pr\u00e1tica esportiva entre os jovens participantes, al\u00e9m de promover o desenvolvimento de habilidades sociais e emocionais.<\/p>\n\n\n\n<p>O projeto tamb\u00e9m visa reduzir comportamentos de risco e contribuir para a cria\u00e7\u00e3o de uma rede de suporte comunit\u00e1rio, que poder\u00e1 colaborar com outras iniciativas semelhantes. O Projeto Vencer \u2013 Baixada Fluminense destaca-se como uma iniciativa estrat\u00e9gica para a promo\u00e7\u00e3o da inclus\u00e3o social atrav\u00e9s do esporte, especialmente em \u00e1reas de alta vulnerabilidade. Ao oferecer atividades esportivas que fortalecem as habilidades f\u00edsicas e sociais dos participantes, o projeto contribui significativamente para a redu\u00e7\u00e3o da marginaliza\u00e7\u00e3o social e para o desenvolvimento de uma comunidade mais coesa. A continuidade deste projeto \u00e9 crucial para garantir que os impactos positivos alcan\u00e7ados sejam mantidos e ampliados, promovendo uma mudan\u00e7a duradoura na vida dos benefici\u00e1rios.<\/p>\n\n\n<div class=\"wp-block-image\">\n<figure class=\"aligncenter size-large is-resized\"><img loading=\"lazy\" decoding=\"async\" width=\"1024\" height=\"837\" src=\"https:\/\/departamentos.ufrrj.br\/del\/wp-content\/uploads\/sites\/5\/2025\/05\/comp-1024x837.jpg\" alt=\"\" class=\"wp-image-713\" style=\"width:839px;height:auto\" srcset=\"https:\/\/departamentos.ufrrj.br\/del\/wp-content\/uploads\/sites\/5\/2025\/05\/comp-1024x837.jpg 1024w, https:\/\/departamentos.ufrrj.br\/del\/wp-content\/uploads\/sites\/5\/2025\/05\/comp-300x245.jpg 300w, https:\/\/departamentos.ufrrj.br\/del\/wp-content\/uploads\/sites\/5\/2025\/05\/comp-768x628.jpg 768w, https:\/\/departamentos.ufrrj.br\/del\/wp-content\/uploads\/sites\/5\/2025\/05\/comp-86x70.jpg 86w, https:\/\/departamentos.ufrrj.br\/del\/wp-content\/uploads\/sites\/5\/2025\/05\/comp.jpg 1109w\" sizes=\"(max-width: 1024px) 100vw, 1024px\" \/><\/figure><\/div>\n\n\n<p><i class=\"fab fa-instagram\"><\/i> <a href=\"https:\/\/www.instagram.com\/projetovencerufrrj\/\" target=\"_blank\" rel=\"noopener\"><strong> Instragram<\/strong><\/a><\/p>\n\n\n\n<p><\/p>\n","protected":false},"excerpt":{"rendered":"<p>O esporte desempenha um papel fundamental na promo\u00e7\u00e3o de valores sociais, desenvolvimento pessoal e coes\u00e3o comunit\u00e1ria, sendo amplamente reconhecido como uma ferramenta [&hellip;]<\/p>\n","protected":false},"author":1,"featured_media":0,"parent":0,"menu_order":0,"comment_status":"closed","ping_status":"closed","template":"","meta":{"_acf_changed":false,"footnotes":""},"class_list":["post-623","page","type-page","status-publish","hentry"],"acf":[],"yoast_head":"<!-- This site is optimized with the Yoast SEO plugin v23.4 - https:\/\/yoast.com\/wordpress\/plugins\/seo\/ -->\n<title>Projeto Vencer - Baixada Fluminense - Departamento de Esportes e Lazer<\/title>\n<meta name=\"robots\" content=\"index, follow, max-snippet:-1, max-image-preview:large, max-video-preview:-1\" \/>\n<link rel=\"canonical\" href=\"https:\/\/departamentos.ufrrj.br\/del\/projeto-vencer-baixada-fluminense\/\" \/>\n<meta property=\"og:locale\" content=\"pt_BR\" \/>\n<meta property=\"og:type\" content=\"article\" \/>\n<meta property=\"og:title\" content=\"Projeto Vencer - Baixada Fluminense - Departamento de Esportes e Lazer\" \/>\n<meta property=\"og:description\" content=\"O esporte desempenha um papel fundamental na promo\u00e7\u00e3o de valores sociais, desenvolvimento pessoal e coes\u00e3o comunit\u00e1ria, sendo amplamente reconhecido como uma ferramenta [&hellip;]\" \/>\n<meta property=\"og:url\" content=\"https:\/\/departamentos.ufrrj.br\/del\/projeto-vencer-baixada-fluminense\/\" \/>\n<meta property=\"og:site_name\" content=\"Departamento de Esportes e Lazer\" \/>\n<meta property=\"article:modified_time\" content=\"2025-05-21T17:12:39+00:00\" \/>\n<meta property=\"og:image\" content=\"https:\/\/departamentos.ufrrj.br\/del\/wp-content\/uploads\/sites\/5\/2025\/03\/Design-sem-nome-1-150x150-1.jpg\" \/>\n<meta name=\"twitter:card\" content=\"summary_large_image\" \/>\n<meta name=\"twitter:label1\" content=\"Est. tempo de leitura\" \/>\n\t<meta name=\"twitter:data1\" content=\"3 minutos\" \/>\n<script type=\"application\/ld+json\" class=\"yoast-schema-graph\">{\"@context\":\"https:\/\/schema.org\",\"@graph\":[{\"@type\":\"WebPage\",\"@id\":\"https:\/\/departamentos.ufrrj.br\/del\/projeto-vencer-baixada-fluminense\/\",\"url\":\"https:\/\/departamentos.ufrrj.br\/del\/projeto-vencer-baixada-fluminense\/\",\"name\":\"Projeto Vencer - Baixada Fluminense - Departamento de Esportes e Lazer\",\"isPartOf\":{\"@id\":\"https:\/\/departamentos.ufrrj.br\/del\/#website\"},\"primaryImageOfPage\":{\"@id\":\"https:\/\/departamentos.ufrrj.br\/del\/projeto-vencer-baixada-fluminense\/#primaryimage\"},\"image\":{\"@id\":\"https:\/\/departamentos.ufrrj.br\/del\/projeto-vencer-baixada-fluminense\/#primaryimage\"},\"thumbnailUrl\":\"https:\/\/departamentos.ufrrj.br\/del\/wp-content\/uploads\/sites\/5\/2025\/03\/Design-sem-nome-1-150x150-1.jpg\",\"datePublished\":\"2025-03-18T16:50:49+00:00\",\"dateModified\":\"2025-05-21T17:12:39+00:00\",\"breadcrumb\":{\"@id\":\"https:\/\/departamentos.ufrrj.br\/del\/projeto-vencer-baixada-fluminense\/#breadcrumb\"},\"inLanguage\":\"pt-BR\",\"potentialAction\":[{\"@type\":\"ReadAction\",\"target\":[\"https:\/\/departamentos.ufrrj.br\/del\/projeto-vencer-baixada-fluminense\/\"]}]},{\"@type\":\"ImageObject\",\"inLanguage\":\"pt-BR\",\"@id\":\"https:\/\/departamentos.ufrrj.br\/del\/projeto-vencer-baixada-fluminense\/#primaryimage\",\"url\":\"https:\/\/departamentos.ufrrj.br\/del\/wp-content\/uploads\/sites\/5\/2025\/03\/Design-sem-nome-1-150x150-1.jpg\",\"contentUrl\":\"https:\/\/departamentos.ufrrj.br\/del\/wp-content\/uploads\/sites\/5\/2025\/03\/Design-sem-nome-1-150x150-1.jpg\",\"width\":150,\"height\":150},{\"@type\":\"BreadcrumbList\",\"@id\":\"https:\/\/departamentos.ufrrj.br\/del\/projeto-vencer-baixada-fluminense\/#breadcrumb\",\"itemListElement\":[{\"@type\":\"ListItem\",\"position\":1,\"name\":\"In\u00edcio\",\"item\":\"https:\/\/departamentos.ufrrj.br\/del\/\"},{\"@type\":\"ListItem\",\"position\":2,\"name\":\"Projeto Vencer &#8211; Baixada Fluminense\"}]},{\"@type\":\"WebSite\",\"@id\":\"https:\/\/departamentos.ufrrj.br\/del\/#website\",\"url\":\"https:\/\/departamentos.ufrrj.br\/del\/\",\"name\":\"Departamento Ci\u00eancias Econ\u00f4micas\",\"description\":\"\",\"publisher\":{\"@id\":\"https:\/\/departamentos.ufrrj.br\/del\/#organization\"},\"potentialAction\":[{\"@type\":\"SearchAction\",\"target\":{\"@type\":\"EntryPoint\",\"urlTemplate\":\"https:\/\/departamentos.ufrrj.br\/del\/?s={search_term_string}\"},\"query-input\":{\"@type\":\"PropertyValueSpecification\",\"valueRequired\":true,\"valueName\":\"search_term_string\"}}],\"inLanguage\":\"pt-BR\"},{\"@type\":\"Organization\",\"@id\":\"https:\/\/departamentos.ufrrj.br\/del\/#organization\",\"name\":\"Departamento Ci\u00eancias Econ\u00f4micas\",\"url\":\"https:\/\/departamentos.ufrrj.br\/del\/\",\"logo\":{\"@type\":\"ImageObject\",\"inLanguage\":\"pt-BR\",\"@id\":\"https:\/\/departamentos.ufrrj.br\/del\/#\/schema\/logo\/image\/\",\"url\":\"https:\/\/departamentos.ufrrj.br\/del\/wp-content\/uploads\/sites\/5\/2025\/03\/Design-sem-nome-4-150x150-1.jpg\",\"contentUrl\":\"https:\/\/departamentos.ufrrj.br\/del\/wp-content\/uploads\/sites\/5\/2025\/03\/Design-sem-nome-4-150x150-1.jpg\",\"width\":150,\"height\":150,\"caption\":\"Departamento Ci\u00eancias Econ\u00f4micas\"},\"image\":{\"@id\":\"https:\/\/departamentos.ufrrj.br\/del\/#\/schema\/logo\/image\/\"},\"sameAs\":[\"https:\/\/www.instagram.com\/del.ufrrj\/\"]}]}<\/script>\n<!-- \/ Yoast SEO plugin. -->","yoast_head_json":{"title":"Projeto Vencer - Baixada Fluminense - Departamento de Esportes e Lazer","robots":{"index":"index","follow":"follow","max-snippet":"max-snippet:-1","max-image-preview":"max-image-preview:large","max-video-preview":"max-video-preview:-1"},"canonical":"https:\/\/departamentos.ufrrj.br\/del\/projeto-vencer-baixada-fluminense\/","og_locale":"pt_BR","og_type":"article","og_title":"Projeto Vencer - Baixada Fluminense - Departamento de Esportes e Lazer","og_description":"O esporte desempenha um papel fundamental na promo\u00e7\u00e3o de valores sociais, desenvolvimento pessoal e coes\u00e3o comunit\u00e1ria, sendo amplamente reconhecido como uma ferramenta [&hellip;]","og_url":"https:\/\/departamentos.ufrrj.br\/del\/projeto-vencer-baixada-fluminense\/","og_site_name":"Departamento de Esportes e Lazer","article_modified_time":"2025-05-21T17:12:39+00:00","og_image":[{"url":"https:\/\/departamentos.ufrrj.br\/del\/wp-content\/uploads\/sites\/5\/2025\/03\/Design-sem-nome-1-150x150-1.jpg"}],"twitter_card":"summary_large_image","twitter_misc":{"Est. tempo de leitura":"3 minutos"},"schema":{"@context":"https:\/\/schema.org","@graph":[{"@type":"WebPage","@id":"https:\/\/departamentos.ufrrj.br\/del\/projeto-vencer-baixada-fluminense\/","url":"https:\/\/departamentos.ufrrj.br\/del\/projeto-vencer-baixada-fluminense\/","name":"Projeto Vencer - Baixada Fluminense - Departamento de Esportes e Lazer","isPartOf":{"@id":"https:\/\/departamentos.ufrrj.br\/del\/#website"},"primaryImageOfPage":{"@id":"https:\/\/departamentos.ufrrj.br\/del\/projeto-vencer-baixada-fluminense\/#primaryimage"},"image":{"@id":"https:\/\/departamentos.ufrrj.br\/del\/projeto-vencer-baixada-fluminense\/#primaryimage"},"thumbnailUrl":"https:\/\/departamentos.ufrrj.br\/del\/wp-content\/uploads\/sites\/5\/2025\/03\/Design-sem-nome-1-150x150-1.jpg","datePublished":"2025-03-18T16:50:49+00:00","dateModified":"2025-05-21T17:12:39+00:00","breadcrumb":{"@id":"https:\/\/departamentos.ufrrj.br\/del\/projeto-vencer-baixada-fluminense\/#breadcrumb"},"inLanguage":"pt-BR","potentialAction":[{"@type":"ReadAction","target":["https:\/\/departamentos.ufrrj.br\/del\/projeto-vencer-baixada-fluminense\/"]}]},{"@type":"ImageObject","inLanguage":"pt-BR","@id":"https:\/\/departamentos.ufrrj.br\/del\/projeto-vencer-baixada-fluminense\/#primaryimage","url":"https:\/\/departamentos.ufrrj.br\/del\/wp-content\/uploads\/sites\/5\/2025\/03\/Design-sem-nome-1-150x150-1.jpg","contentUrl":"https:\/\/departamentos.ufrrj.br\/del\/wp-content\/uploads\/sites\/5\/2025\/03\/Design-sem-nome-1-150x150-1.jpg","width":150,"height":150},{"@type":"BreadcrumbList","@id":"https:\/\/departamentos.ufrrj.br\/del\/projeto-vencer-baixada-fluminense\/#breadcrumb","itemListElement":[{"@type":"ListItem","position":1,"name":"In\u00edcio","item":"https:\/\/departamentos.ufrrj.br\/del\/"},{"@type":"ListItem","position":2,"name":"Projeto Vencer &#8211; Baixada Fluminense"}]},{"@type":"WebSite","@id":"https:\/\/departamentos.ufrrj.br\/del\/#website","url":"https:\/\/departamentos.ufrrj.br\/del\/","name":"Departamento Ci\u00eancias Econ\u00f4micas","description":"","publisher":{"@id":"https:\/\/departamentos.ufrrj.br\/del\/#organization"},"potentialAction":[{"@type":"SearchAction","target":{"@type":"EntryPoint","urlTemplate":"https:\/\/departamentos.ufrrj.br\/del\/?s={search_term_string}"},"query-input":{"@type":"PropertyValueSpecification","valueRequired":true,"valueName":"search_term_string"}}],"inLanguage":"pt-BR"},{"@type":"Organization","@id":"https:\/\/departamentos.ufrrj.br\/del\/#organization","name":"Departamento Ci\u00eancias Econ\u00f4micas","url":"https:\/\/departamentos.ufrrj.br\/del\/","logo":{"@type":"ImageObject","inLanguage":"pt-BR","@id":"https:\/\/departamentos.ufrrj.br\/del\/#\/schema\/logo\/image\/","url":"https:\/\/departamentos.ufrrj.br\/del\/wp-content\/uploads\/sites\/5\/2025\/03\/Design-sem-nome-4-150x150-1.jpg","contentUrl":"https:\/\/departamentos.ufrrj.br\/del\/wp-content\/uploads\/sites\/5\/2025\/03\/Design-sem-nome-4-150x150-1.jpg","width":150,"height":150,"caption":"Departamento Ci\u00eancias Econ\u00f4micas"},"image":{"@id":"https:\/\/departamentos.ufrrj.br\/del\/#\/schema\/logo\/image\/"},"sameAs":["https:\/\/www.instagram.com\/del.ufrrj\/"]}]}},"_links":{"self":[{"href":"https:\/\/departamentos.ufrrj.br\/del\/wp-json\/wp\/v2\/pages\/623"}],"collection":[{"href":"https:\/\/departamentos.ufrrj.br\/del\/wp-json\/wp\/v2\/pages"}],"about":[{"href":"https:\/\/departamentos.ufrrj.br\/del\/wp-json\/wp\/v2\/types\/page"}],"author":[{"embeddable":true,"href":"https:\/\/departamentos.ufrrj.br\/del\/wp-json\/wp\/v2\/users\/1"}],"replies":[{"embeddable":true,"href":"https:\/\/departamentos.ufrrj.br\/del\/wp-json\/wp\/v2\/comments?post=623"}],"version-history":[{"count":13,"href":"https:\/\/departamentos.ufrrj.br\/del\/wp-json\/wp\/v2\/pages\/623\/revisions"}],"predecessor-version":[{"id":754,"href":"https:\/\/departamentos.ufrrj.br\/del\/wp-json\/wp\/v2\/pages\/623\/revisions\/754"}],"wp:attachment":[{"href":"https:\/\/departamentos.ufrrj.br\/del\/wp-json\/wp\/v2\/media?parent=623"}],"curies":[{"name":"wp","href":"https:\/\/api.w.org\/{rel}","templated":true}]}}