{"id":787,"date":"2025-09-11T15:35:22","date_gmt":"2025-09-11T18:35:22","guid":{"rendered":"https:\/\/departamentos.ufrrj.br\/del\/?page_id=787"},"modified":"2025-09-30T13:53:32","modified_gmt":"2025-09-30T16:53:32","slug":"taca-ruralina","status":"publish","type":"page","link":"https:\/\/departamentos.ufrrj.br\/del\/taca-ruralina\/","title":{"rendered":"Ta\u00e7a Ruralina"},"content":{"rendered":"\n<figure class=\"wp-block-image size-full is-resized\"><img loading=\"lazy\" decoding=\"async\" width=\"828\" height=\"845\" src=\"https:\/\/departamentos.ufrrj.br\/del\/wp-content\/uploads\/sites\/5\/2025\/09\/taca-ruralina-logo.jpg\" alt=\"\" class=\"wp-image-788\" style=\"width:767px;height:auto\" srcset=\"https:\/\/departamentos.ufrrj.br\/del\/wp-content\/uploads\/sites\/5\/2025\/09\/taca-ruralina-logo.jpg 828w, https:\/\/departamentos.ufrrj.br\/del\/wp-content\/uploads\/sites\/5\/2025\/09\/taca-ruralina-logo-294x300.jpg 294w, https:\/\/departamentos.ufrrj.br\/del\/wp-content\/uploads\/sites\/5\/2025\/09\/taca-ruralina-logo-768x784.jpg 768w, https:\/\/departamentos.ufrrj.br\/del\/wp-content\/uploads\/sites\/5\/2025\/09\/taca-ruralina-logo-69x70.jpg 69w\" sizes=\"(max-width: 828px) 100vw, 828px\" \/><\/figure>\n\n\n\n<p><\/p>\n\n\n\n<p>A Ta\u00e7a Ruralina \u00e9 um dos maiores eventos esportivos da Universidade Federal Rural do Rio de Janeiro (UFRRJ), j\u00e1 consolidado como destaque da Semana Rural. Organizada pelo Departamento de Esporte e Lazer (DEL), a competi\u00e7\u00e3o re\u00fane atl\u00e9ticas e atletas da comunidade acad\u00eamica em diversas modalidades coletivas e individuais.<\/p>\n\n\n\n<p>Em 2025, o torneio alcan\u00e7ou um marco hist\u00f3rico, com cerca de 1.200 atletas inscritos, n\u00famero quase tr\u00eas vezes maior que a edi\u00e7\u00e3o anterior. As disputas acontecem em diferentes espa\u00e7os da universidade, envolvendo modalidades como futsal, v\u00f4lei, basquete 3&#215;3, t\u00eanis, v\u00f4lei de areia, futev\u00f4lei, handebol e futebol society.<\/p>\n\n\n\n<p>Al\u00e9m da tradicional premia\u00e7\u00e3o para a equipe campe\u00e3 geral, o evento inovou ao criar o Pr\u00eamio de Melhor Torcida, valorizando a energia dos estudantes que transformam os jogos em um espet\u00e1culo \u00e0 parte. A cerim\u00f4nia de encerramento conta com atra\u00e7\u00f5es especiais, como DJ ao vivo e apoio de parceiros como a RedBull.<\/p>\n\n\n\n<p>Mais do que uma competi\u00e7\u00e3o, a Ta\u00e7a Ruralina refor\u00e7a a integra\u00e7\u00e3o da comunidade acad\u00eamica, estimulando o esporte universit\u00e1rio e celebrando o esp\u00edrito coletivo que marca a identidade da Rural.<\/p>\n\n\n\n<p><\/p>\n\n\n<div class=\"wp-block-image\">\n<figure class=\"alignleft size-large is-resized\"><img loading=\"lazy\" decoding=\"async\" width=\"576\" height=\"1024\" src=\"https:\/\/departamentos.ufrrj.br\/del\/wp-content\/uploads\/sites\/5\/2025\/09\/taca-ruralina-4-1-576x1024.jpg\" alt=\"\" class=\"wp-image-797\" style=\"aspect-ratio:1;object-fit:cover;width:274px;height:auto\" srcset=\"https:\/\/departamentos.ufrrj.br\/del\/wp-content\/uploads\/sites\/5\/2025\/09\/taca-ruralina-4-1-576x1024.jpg 576w, https:\/\/departamentos.ufrrj.br\/del\/wp-content\/uploads\/sites\/5\/2025\/09\/taca-ruralina-4-1-169x300.jpg 169w, https:\/\/departamentos.ufrrj.br\/del\/wp-content\/uploads\/sites\/5\/2025\/09\/taca-ruralina-4-1-768x1366.jpg 768w, https:\/\/departamentos.ufrrj.br\/del\/wp-content\/uploads\/sites\/5\/2025\/09\/taca-ruralina-4-1-39x70.jpg 39w, https:\/\/departamentos.ufrrj.br\/del\/wp-content\/uploads\/sites\/5\/2025\/09\/taca-ruralina-4-1.jpg 828w\" sizes=\"(max-width: 576px) 100vw, 576px\" \/><\/figure><\/div>\n\n<div class=\"wp-block-image\">\n<figure class=\"alignleft size-large is-resized\"><img loading=\"lazy\" decoding=\"async\" width=\"582\" height=\"1024\" src=\"https:\/\/departamentos.ufrrj.br\/del\/wp-content\/uploads\/sites\/5\/2025\/09\/taca-ruralina-1-582x1024.jpg\" alt=\"\" class=\"wp-image-790\" style=\"aspect-ratio:1;object-fit:cover;width:273px;height:auto\" srcset=\"https:\/\/departamentos.ufrrj.br\/del\/wp-content\/uploads\/sites\/5\/2025\/09\/taca-ruralina-1-582x1024.jpg 582w, https:\/\/departamentos.ufrrj.br\/del\/wp-content\/uploads\/sites\/5\/2025\/09\/taca-ruralina-1-170x300.jpg 170w, https:\/\/departamentos.ufrrj.br\/del\/wp-content\/uploads\/sites\/5\/2025\/09\/taca-ruralina-1-768x1351.jpg 768w, https:\/\/departamentos.ufrrj.br\/del\/wp-content\/uploads\/sites\/5\/2025\/09\/taca-ruralina-1-40x70.jpg 40w, https:\/\/departamentos.ufrrj.br\/del\/wp-content\/uploads\/sites\/5\/2025\/09\/taca-ruralina-1.jpg 828w\" sizes=\"(max-width: 582px) 100vw, 582px\" \/><\/figure><\/div>\n\n\n<figure class=\"wp-block-image size-large is-resized\"><img loading=\"lazy\" decoding=\"async\" width=\"580\" height=\"1024\" src=\"https:\/\/departamentos.ufrrj.br\/del\/wp-content\/uploads\/sites\/5\/2025\/09\/taca-ruralina-3-3-580x1024.jpg\" alt=\"\" class=\"wp-image-830\" style=\"aspect-ratio:1;object-fit:cover;width:274px;height:auto\" srcset=\"https:\/\/departamentos.ufrrj.br\/del\/wp-content\/uploads\/sites\/5\/2025\/09\/taca-ruralina-3-3-580x1024.jpg 580w, https:\/\/departamentos.ufrrj.br\/del\/wp-content\/uploads\/sites\/5\/2025\/09\/taca-ruralina-3-3-170x300.jpg 170w, https:\/\/departamentos.ufrrj.br\/del\/wp-content\/uploads\/sites\/5\/2025\/09\/taca-ruralina-3-3-768x1357.jpg 768w, https:\/\/departamentos.ufrrj.br\/del\/wp-content\/uploads\/sites\/5\/2025\/09\/taca-ruralina-3-3-40x70.jpg 40w, https:\/\/departamentos.ufrrj.br\/del\/wp-content\/uploads\/sites\/5\/2025\/09\/taca-ruralina-3-3.jpg 828w\" sizes=\"(max-width: 580px) 100vw, 580px\" \/><\/figure>\n\n\n\n<p><\/p>\n\n\n\n<p><\/p>\n\n\n\n<p><\/p>\n\n\n\n<p><\/p>\n\n\n\n<p><\/p>\n\n\n\n<link rel=\"stylesheet\" href=\"https:\/\/cdnjs.cloudflare.com\/ajax\/libs\/font-awesome\/6.5.0\/css\/all.min.css\">\n\n<a href=\"https:\/\/www.instagram.com\/tacaruralina.ufrrj?igsh=MWR2dGYzMXlpaGtzdA\" target=\"_blank\" rel=\"noopener\">\n  <i class=\"fab fa-instagram fa-2x\"><\/i>\n<\/a>\n\n\n\n\n<p><\/p>\n\n\n\n<p><\/p>\n\n\n\n<p><\/p>\n\n\n\n<p><\/p>\n","protected":false},"excerpt":{"rendered":"<p>A Ta\u00e7a Ruralina \u00e9 um dos maiores eventos esportivos da Universidade Federal Rural do Rio de Janeiro (UFRRJ), j\u00e1 consolidado como destaque [&hellip;]<\/p>\n","protected":false},"author":5,"featured_media":0,"parent":0,"menu_order":0,"comment_status":"closed","ping_status":"closed","template":"","meta":{"_acf_changed":false,"footnotes":""},"class_list":["post-787","page","type-page","status-publish","hentry"],"acf":[],"yoast_head":"<!-- This site is optimized with the Yoast SEO plugin v23.4 - https:\/\/yoast.com\/wordpress\/plugins\/seo\/ -->\n<title>Ta\u00e7a Ruralina - Departamento de Esportes e Lazer<\/title>\n<meta name=\"robots\" content=\"index, follow, max-snippet:-1, max-image-preview:large, max-video-preview:-1\" \/>\n<link rel=\"canonical\" href=\"https:\/\/departamentos.ufrrj.br\/del\/taca-ruralina\/\" \/>\n<meta property=\"og:locale\" content=\"pt_BR\" \/>\n<meta property=\"og:type\" content=\"article\" \/>\n<meta property=\"og:title\" content=\"Ta\u00e7a Ruralina - Departamento de Esportes e Lazer\" \/>\n<meta property=\"og:description\" content=\"A Ta\u00e7a Ruralina \u00e9 um dos maiores eventos esportivos da Universidade Federal Rural do Rio de Janeiro (UFRRJ), j\u00e1 consolidado como destaque [&hellip;]\" \/>\n<meta property=\"og:url\" content=\"https:\/\/departamentos.ufrrj.br\/del\/taca-ruralina\/\" \/>\n<meta property=\"og:site_name\" content=\"Departamento de Esportes e Lazer\" \/>\n<meta property=\"article:modified_time\" content=\"2025-09-30T16:53:32+00:00\" \/>\n<meta property=\"og:image\" content=\"https:\/\/departamentos.ufrrj.br\/del\/wp-content\/uploads\/sites\/5\/2025\/09\/taca-ruralina-logo.jpg\" \/>\n<meta name=\"twitter:card\" content=\"summary_large_image\" \/>\n<meta name=\"twitter:label1\" content=\"Est. tempo de leitura\" \/>\n\t<meta name=\"twitter:data1\" content=\"2 minutos\" \/>\n<script type=\"application\/ld+json\" class=\"yoast-schema-graph\">{\"@context\":\"https:\/\/schema.org\",\"@graph\":[{\"@type\":\"WebPage\",\"@id\":\"https:\/\/departamentos.ufrrj.br\/del\/taca-ruralina\/\",\"url\":\"https:\/\/departamentos.ufrrj.br\/del\/taca-ruralina\/\",\"name\":\"Ta\u00e7a Ruralina - Departamento de Esportes e Lazer\",\"isPartOf\":{\"@id\":\"https:\/\/departamentos.ufrrj.br\/del\/#website\"},\"primaryImageOfPage\":{\"@id\":\"https:\/\/departamentos.ufrrj.br\/del\/taca-ruralina\/#primaryimage\"},\"image\":{\"@id\":\"https:\/\/departamentos.ufrrj.br\/del\/taca-ruralina\/#primaryimage\"},\"thumbnailUrl\":\"https:\/\/departamentos.ufrrj.br\/del\/wp-content\/uploads\/sites\/5\/2025\/09\/taca-ruralina-logo.jpg\",\"datePublished\":\"2025-09-11T18:35:22+00:00\",\"dateModified\":\"2025-09-30T16:53:32+00:00\",\"breadcrumb\":{\"@id\":\"https:\/\/departamentos.ufrrj.br\/del\/taca-ruralina\/#breadcrumb\"},\"inLanguage\":\"pt-BR\",\"potentialAction\":[{\"@type\":\"ReadAction\",\"target\":[\"https:\/\/departamentos.ufrrj.br\/del\/taca-ruralina\/\"]}]},{\"@type\":\"ImageObject\",\"inLanguage\":\"pt-BR\",\"@id\":\"https:\/\/departamentos.ufrrj.br\/del\/taca-ruralina\/#primaryimage\",\"url\":\"https:\/\/departamentos.ufrrj.br\/del\/wp-content\/uploads\/sites\/5\/2025\/09\/taca-ruralina-logo.jpg\",\"contentUrl\":\"https:\/\/departamentos.ufrrj.br\/del\/wp-content\/uploads\/sites\/5\/2025\/09\/taca-ruralina-logo.jpg\",\"width\":828,\"height\":845},{\"@type\":\"BreadcrumbList\",\"@id\":\"https:\/\/departamentos.ufrrj.br\/del\/taca-ruralina\/#breadcrumb\",\"itemListElement\":[{\"@type\":\"ListItem\",\"position\":1,\"name\":\"In\u00edcio\",\"item\":\"https:\/\/departamentos.ufrrj.br\/del\/\"},{\"@type\":\"ListItem\",\"position\":2,\"name\":\"Ta\u00e7a Ruralina\"}]},{\"@type\":\"WebSite\",\"@id\":\"https:\/\/departamentos.ufrrj.br\/del\/#website\",\"url\":\"https:\/\/departamentos.ufrrj.br\/del\/\",\"name\":\"Departamento Ci\u00eancias Econ\u00f4micas\",\"description\":\"\",\"publisher\":{\"@id\":\"https:\/\/departamentos.ufrrj.br\/del\/#organization\"},\"potentialAction\":[{\"@type\":\"SearchAction\",\"target\":{\"@type\":\"EntryPoint\",\"urlTemplate\":\"https:\/\/departamentos.ufrrj.br\/del\/?s={search_term_string}\"},\"query-input\":{\"@type\":\"PropertyValueSpecification\",\"valueRequired\":true,\"valueName\":\"search_term_string\"}}],\"inLanguage\":\"pt-BR\"},{\"@type\":\"Organization\",\"@id\":\"https:\/\/departamentos.ufrrj.br\/del\/#organization\",\"name\":\"Departamento Ci\u00eancias Econ\u00f4micas\",\"url\":\"https:\/\/departamentos.ufrrj.br\/del\/\",\"logo\":{\"@type\":\"ImageObject\",\"inLanguage\":\"pt-BR\",\"@id\":\"https:\/\/departamentos.ufrrj.br\/del\/#\/schema\/logo\/image\/\",\"url\":\"https:\/\/departamentos.ufrrj.br\/del\/wp-content\/uploads\/sites\/5\/2025\/03\/Design-sem-nome-4-150x150-1.jpg\",\"contentUrl\":\"https:\/\/departamentos.ufrrj.br\/del\/wp-content\/uploads\/sites\/5\/2025\/03\/Design-sem-nome-4-150x150-1.jpg\",\"width\":150,\"height\":150,\"caption\":\"Departamento Ci\u00eancias Econ\u00f4micas\"},\"image\":{\"@id\":\"https:\/\/departamentos.ufrrj.br\/del\/#\/schema\/logo\/image\/\"},\"sameAs\":[\"https:\/\/www.instagram.com\/del.ufrrj\/\"]}]}<\/script>\n<!-- \/ Yoast SEO plugin. -->","yoast_head_json":{"title":"Ta\u00e7a Ruralina - Departamento de Esportes e Lazer","robots":{"index":"index","follow":"follow","max-snippet":"max-snippet:-1","max-image-preview":"max-image-preview:large","max-video-preview":"max-video-preview:-1"},"canonical":"https:\/\/departamentos.ufrrj.br\/del\/taca-ruralina\/","og_locale":"pt_BR","og_type":"article","og_title":"Ta\u00e7a Ruralina - Departamento de Esportes e Lazer","og_description":"A Ta\u00e7a Ruralina \u00e9 um dos maiores eventos esportivos da Universidade Federal Rural do Rio de Janeiro (UFRRJ), j\u00e1 consolidado como destaque [&hellip;]","og_url":"https:\/\/departamentos.ufrrj.br\/del\/taca-ruralina\/","og_site_name":"Departamento de Esportes e Lazer","article_modified_time":"2025-09-30T16:53:32+00:00","og_image":[{"url":"https:\/\/departamentos.ufrrj.br\/del\/wp-content\/uploads\/sites\/5\/2025\/09\/taca-ruralina-logo.jpg"}],"twitter_card":"summary_large_image","twitter_misc":{"Est. tempo de leitura":"2 minutos"},"schema":{"@context":"https:\/\/schema.org","@graph":[{"@type":"WebPage","@id":"https:\/\/departamentos.ufrrj.br\/del\/taca-ruralina\/","url":"https:\/\/departamentos.ufrrj.br\/del\/taca-ruralina\/","name":"Ta\u00e7a Ruralina - Departamento de Esportes e Lazer","isPartOf":{"@id":"https:\/\/departamentos.ufrrj.br\/del\/#website"},"primaryImageOfPage":{"@id":"https:\/\/departamentos.ufrrj.br\/del\/taca-ruralina\/#primaryimage"},"image":{"@id":"https:\/\/departamentos.ufrrj.br\/del\/taca-ruralina\/#primaryimage"},"thumbnailUrl":"https:\/\/departamentos.ufrrj.br\/del\/wp-content\/uploads\/sites\/5\/2025\/09\/taca-ruralina-logo.jpg","datePublished":"2025-09-11T18:35:22+00:00","dateModified":"2025-09-30T16:53:32+00:00","breadcrumb":{"@id":"https:\/\/departamentos.ufrrj.br\/del\/taca-ruralina\/#breadcrumb"},"inLanguage":"pt-BR","potentialAction":[{"@type":"ReadAction","target":["https:\/\/departamentos.ufrrj.br\/del\/taca-ruralina\/"]}]},{"@type":"ImageObject","inLanguage":"pt-BR","@id":"https:\/\/departamentos.ufrrj.br\/del\/taca-ruralina\/#primaryimage","url":"https:\/\/departamentos.ufrrj.br\/del\/wp-content\/uploads\/sites\/5\/2025\/09\/taca-ruralina-logo.jpg","contentUrl":"https:\/\/departamentos.ufrrj.br\/del\/wp-content\/uploads\/sites\/5\/2025\/09\/taca-ruralina-logo.jpg","width":828,"height":845},{"@type":"BreadcrumbList","@id":"https:\/\/departamentos.ufrrj.br\/del\/taca-ruralina\/#breadcrumb","itemListElement":[{"@type":"ListItem","position":1,"name":"In\u00edcio","item":"https:\/\/departamentos.ufrrj.br\/del\/"},{"@type":"ListItem","position":2,"name":"Ta\u00e7a Ruralina"}]},{"@type":"WebSite","@id":"https:\/\/departamentos.ufrrj.br\/del\/#website","url":"https:\/\/departamentos.ufrrj.br\/del\/","name":"Departamento Ci\u00eancias Econ\u00f4micas","description":"","publisher":{"@id":"https:\/\/departamentos.ufrrj.br\/del\/#organization"},"potentialAction":[{"@type":"SearchAction","target":{"@type":"EntryPoint","urlTemplate":"https:\/\/departamentos.ufrrj.br\/del\/?s={search_term_string}"},"query-input":{"@type":"PropertyValueSpecification","valueRequired":true,"valueName":"search_term_string"}}],"inLanguage":"pt-BR"},{"@type":"Organization","@id":"https:\/\/departamentos.ufrrj.br\/del\/#organization","name":"Departamento Ci\u00eancias Econ\u00f4micas","url":"https:\/\/departamentos.ufrrj.br\/del\/","logo":{"@type":"ImageObject","inLanguage":"pt-BR","@id":"https:\/\/departamentos.ufrrj.br\/del\/#\/schema\/logo\/image\/","url":"https:\/\/departamentos.ufrrj.br\/del\/wp-content\/uploads\/sites\/5\/2025\/03\/Design-sem-nome-4-150x150-1.jpg","contentUrl":"https:\/\/departamentos.ufrrj.br\/del\/wp-content\/uploads\/sites\/5\/2025\/03\/Design-sem-nome-4-150x150-1.jpg","width":150,"height":150,"caption":"Departamento Ci\u00eancias Econ\u00f4micas"},"image":{"@id":"https:\/\/departamentos.ufrrj.br\/del\/#\/schema\/logo\/image\/"},"sameAs":["https:\/\/www.instagram.com\/del.ufrrj\/"]}]}},"_links":{"self":[{"href":"https:\/\/departamentos.ufrrj.br\/del\/wp-json\/wp\/v2\/pages\/787"}],"collection":[{"href":"https:\/\/departamentos.ufrrj.br\/del\/wp-json\/wp\/v2\/pages"}],"about":[{"href":"https:\/\/departamentos.ufrrj.br\/del\/wp-json\/wp\/v2\/types\/page"}],"author":[{"embeddable":true,"href":"https:\/\/departamentos.ufrrj.br\/del\/wp-json\/wp\/v2\/users\/5"}],"replies":[{"embeddable":true,"href":"https:\/\/departamentos.ufrrj.br\/del\/wp-json\/wp\/v2\/comments?post=787"}],"version-history":[{"count":25,"href":"https:\/\/departamentos.ufrrj.br\/del\/wp-json\/wp\/v2\/pages\/787\/revisions"}],"predecessor-version":[{"id":986,"href":"https:\/\/departamentos.ufrrj.br\/del\/wp-json\/wp\/v2\/pages\/787\/revisions\/986"}],"wp:attachment":[{"href":"https:\/\/departamentos.ufrrj.br\/del\/wp-json\/wp\/v2\/media?parent=787"}],"curies":[{"name":"wp","href":"https:\/\/api.w.org\/{rel}","templated":true}]}}