{"id":856,"date":"2025-09-19T19:31:33","date_gmt":"2025-09-19T22:31:33","guid":{"rendered":"https:\/\/departamentos.ufrrj.br\/del\/?page_id=856"},"modified":"2025-09-19T19:31:33","modified_gmt":"2025-09-19T22:31:33","slug":"reserva-de-material-no-del","status":"publish","type":"page","link":"https:\/\/departamentos.ufrrj.br\/del\/reserva-de-material-no-del\/","title":{"rendered":"Reserva de Material no DEL"},"content":{"rendered":"\n<figure class=\"wp-block-image size-full is-resized\"><img loading=\"lazy\" decoding=\"async\" width=\"150\" height=\"150\" src=\"https:\/\/departamentos.ufrrj.br\/del\/wp-content\/uploads\/sites\/5\/2025\/03\/Design-sem-nome-4-150x150-1.jpg\" alt=\"Projeto de Voluntariado do DEL\" class=\"wp-image-612\" style=\"width:266px;height:auto\" srcset=\"https:\/\/departamentos.ufrrj.br\/del\/wp-content\/uploads\/sites\/5\/2025\/03\/Design-sem-nome-4-150x150-1.jpg 150w, https:\/\/departamentos.ufrrj.br\/del\/wp-content\/uploads\/sites\/5\/2025\/03\/Design-sem-nome-4-150x150-1-70x70.jpg 70w\" sizes=\"(max-width: 150px) 100vw, 150px\" \/><\/figure>\n\n\n\n<p>Departamento de Esportes e Lazer &#8211; DEL &#8211; UFRRJ.<br>Empr\u00e9stimo de Materiais Esportivos, Projetos, aulas.<br>Hor\u00e1rio de atendimento:<br>De segunda a sexta feira.<br>Empr\u00e9stimo: 8:00 \u00e0s 21:30.<br>Atividades gerais: 8:00 \u00e0s 21:45<\/p>\n\n\n\n<p>\u00c9 r\u00e1pido e f\u00e1cil! Basta entrar em contato com o n\u00famero abaixo para garantir sua reserva.<\/p>\n\n\n\n<p>+55 21 92007-4286<\/p>\n","protected":false},"excerpt":{"rendered":"<p>Departamento de Esportes e Lazer &#8211; DEL &#8211; UFRRJ.Empr\u00e9stimo de Materiais Esportivos, Projetos, aulas.Hor\u00e1rio de atendimento:De segunda a sexta feira.Empr\u00e9stimo: 8:00 \u00e0s [&hellip;]<\/p>\n","protected":false},"author":5,"featured_media":0,"parent":0,"menu_order":0,"comment_status":"closed","ping_status":"closed","template":"","meta":{"_acf_changed":false,"footnotes":""},"class_list":["post-856","page","type-page","status-publish","hentry"],"acf":[],"yoast_head":"<!-- This site is optimized with the Yoast SEO plugin v23.4 - https:\/\/yoast.com\/wordpress\/plugins\/seo\/ -->\n<title>Reserva de Material no DEL - Departamento de Esportes e Lazer<\/title>\n<meta name=\"robots\" content=\"index, follow, max-snippet:-1, max-image-preview:large, max-video-preview:-1\" \/>\n<link rel=\"canonical\" href=\"https:\/\/departamentos.ufrrj.br\/del\/reserva-de-material-no-del\/\" \/>\n<meta property=\"og:locale\" content=\"pt_BR\" \/>\n<meta property=\"og:type\" content=\"article\" \/>\n<meta property=\"og:title\" content=\"Reserva de Material no DEL - Departamento de Esportes e Lazer\" \/>\n<meta property=\"og:description\" content=\"Departamento de Esportes e Lazer &#8211; DEL &#8211; UFRRJ.Empr\u00e9stimo de Materiais Esportivos, Projetos, aulas.Hor\u00e1rio de atendimento:De segunda a sexta feira.Empr\u00e9stimo: 8:00 \u00e0s [&hellip;]\" \/>\n<meta property=\"og:url\" content=\"https:\/\/departamentos.ufrrj.br\/del\/reserva-de-material-no-del\/\" \/>\n<meta property=\"og:site_name\" content=\"Departamento de Esportes e Lazer\" \/>\n<meta property=\"og:image\" content=\"https:\/\/departamentos.ufrrj.br\/del\/wp-content\/uploads\/sites\/5\/2025\/03\/Design-sem-nome-4-150x150-1.jpg\" \/>\n<meta name=\"twitter:card\" content=\"summary_large_image\" \/>\n<meta name=\"twitter:label1\" content=\"Est. tempo de leitura\" \/>\n\t<meta name=\"twitter:data1\" content=\"1 minuto\" \/>\n<script type=\"application\/ld+json\" class=\"yoast-schema-graph\">{\"@context\":\"https:\/\/schema.org\",\"@graph\":[{\"@type\":\"WebPage\",\"@id\":\"https:\/\/departamentos.ufrrj.br\/del\/reserva-de-material-no-del\/\",\"url\":\"https:\/\/departamentos.ufrrj.br\/del\/reserva-de-material-no-del\/\",\"name\":\"Reserva de Material no DEL - Departamento de Esportes e Lazer\",\"isPartOf\":{\"@id\":\"https:\/\/departamentos.ufrrj.br\/del\/#website\"},\"primaryImageOfPage\":{\"@id\":\"https:\/\/departamentos.ufrrj.br\/del\/reserva-de-material-no-del\/#primaryimage\"},\"image\":{\"@id\":\"https:\/\/departamentos.ufrrj.br\/del\/reserva-de-material-no-del\/#primaryimage\"},\"thumbnailUrl\":\"https:\/\/departamentos.ufrrj.br\/del\/wp-content\/uploads\/sites\/5\/2025\/03\/Design-sem-nome-4-150x150-1.jpg\",\"datePublished\":\"2025-09-19T22:31:33+00:00\",\"dateModified\":\"2025-09-19T22:31:33+00:00\",\"breadcrumb\":{\"@id\":\"https:\/\/departamentos.ufrrj.br\/del\/reserva-de-material-no-del\/#breadcrumb\"},\"inLanguage\":\"pt-BR\",\"potentialAction\":[{\"@type\":\"ReadAction\",\"target\":[\"https:\/\/departamentos.ufrrj.br\/del\/reserva-de-material-no-del\/\"]}]},{\"@type\":\"ImageObject\",\"inLanguage\":\"pt-BR\",\"@id\":\"https:\/\/departamentos.ufrrj.br\/del\/reserva-de-material-no-del\/#primaryimage\",\"url\":\"https:\/\/departamentos.ufrrj.br\/del\/wp-content\/uploads\/sites\/5\/2025\/03\/Design-sem-nome-4-150x150-1.jpg\",\"contentUrl\":\"https:\/\/departamentos.ufrrj.br\/del\/wp-content\/uploads\/sites\/5\/2025\/03\/Design-sem-nome-4-150x150-1.jpg\",\"width\":150,\"height\":150,\"caption\":\"Projeto de Voluntariado do DEL\"},{\"@type\":\"BreadcrumbList\",\"@id\":\"https:\/\/departamentos.ufrrj.br\/del\/reserva-de-material-no-del\/#breadcrumb\",\"itemListElement\":[{\"@type\":\"ListItem\",\"position\":1,\"name\":\"In\u00edcio\",\"item\":\"https:\/\/departamentos.ufrrj.br\/del\/\"},{\"@type\":\"ListItem\",\"position\":2,\"name\":\"Reserva de Material no DEL\"}]},{\"@type\":\"WebSite\",\"@id\":\"https:\/\/departamentos.ufrrj.br\/del\/#website\",\"url\":\"https:\/\/departamentos.ufrrj.br\/del\/\",\"name\":\"Departamento Ci\u00eancias Econ\u00f4micas\",\"description\":\"\",\"publisher\":{\"@id\":\"https:\/\/departamentos.ufrrj.br\/del\/#organization\"},\"potentialAction\":[{\"@type\":\"SearchAction\",\"target\":{\"@type\":\"EntryPoint\",\"urlTemplate\":\"https:\/\/departamentos.ufrrj.br\/del\/?s={search_term_string}\"},\"query-input\":{\"@type\":\"PropertyValueSpecification\",\"valueRequired\":true,\"valueName\":\"search_term_string\"}}],\"inLanguage\":\"pt-BR\"},{\"@type\":\"Organization\",\"@id\":\"https:\/\/departamentos.ufrrj.br\/del\/#organization\",\"name\":\"Departamento Ci\u00eancias Econ\u00f4micas\",\"url\":\"https:\/\/departamentos.ufrrj.br\/del\/\",\"logo\":{\"@type\":\"ImageObject\",\"inLanguage\":\"pt-BR\",\"@id\":\"https:\/\/departamentos.ufrrj.br\/del\/#\/schema\/logo\/image\/\",\"url\":\"https:\/\/departamentos.ufrrj.br\/del\/wp-content\/uploads\/sites\/5\/2025\/03\/Design-sem-nome-4-150x150-1.jpg\",\"contentUrl\":\"https:\/\/departamentos.ufrrj.br\/del\/wp-content\/uploads\/sites\/5\/2025\/03\/Design-sem-nome-4-150x150-1.jpg\",\"width\":150,\"height\":150,\"caption\":\"Departamento Ci\u00eancias Econ\u00f4micas\"},\"image\":{\"@id\":\"https:\/\/departamentos.ufrrj.br\/del\/#\/schema\/logo\/image\/\"},\"sameAs\":[\"https:\/\/www.instagram.com\/del.ufrrj\/\"]}]}<\/script>\n<!-- \/ Yoast SEO plugin. -->","yoast_head_json":{"title":"Reserva de Material no DEL - Departamento de Esportes e Lazer","robots":{"index":"index","follow":"follow","max-snippet":"max-snippet:-1","max-image-preview":"max-image-preview:large","max-video-preview":"max-video-preview:-1"},"canonical":"https:\/\/departamentos.ufrrj.br\/del\/reserva-de-material-no-del\/","og_locale":"pt_BR","og_type":"article","og_title":"Reserva de Material no DEL - Departamento de Esportes e Lazer","og_description":"Departamento de Esportes e Lazer &#8211; DEL &#8211; UFRRJ.Empr\u00e9stimo de Materiais Esportivos, Projetos, aulas.Hor\u00e1rio de atendimento:De segunda a sexta feira.Empr\u00e9stimo: 8:00 \u00e0s [&hellip;]","og_url":"https:\/\/departamentos.ufrrj.br\/del\/reserva-de-material-no-del\/","og_site_name":"Departamento de Esportes e Lazer","og_image":[{"url":"https:\/\/departamentos.ufrrj.br\/del\/wp-content\/uploads\/sites\/5\/2025\/03\/Design-sem-nome-4-150x150-1.jpg"}],"twitter_card":"summary_large_image","twitter_misc":{"Est. tempo de leitura":"1 minuto"},"schema":{"@context":"https:\/\/schema.org","@graph":[{"@type":"WebPage","@id":"https:\/\/departamentos.ufrrj.br\/del\/reserva-de-material-no-del\/","url":"https:\/\/departamentos.ufrrj.br\/del\/reserva-de-material-no-del\/","name":"Reserva de Material no DEL - Departamento de Esportes e Lazer","isPartOf":{"@id":"https:\/\/departamentos.ufrrj.br\/del\/#website"},"primaryImageOfPage":{"@id":"https:\/\/departamentos.ufrrj.br\/del\/reserva-de-material-no-del\/#primaryimage"},"image":{"@id":"https:\/\/departamentos.ufrrj.br\/del\/reserva-de-material-no-del\/#primaryimage"},"thumbnailUrl":"https:\/\/departamentos.ufrrj.br\/del\/wp-content\/uploads\/sites\/5\/2025\/03\/Design-sem-nome-4-150x150-1.jpg","datePublished":"2025-09-19T22:31:33+00:00","dateModified":"2025-09-19T22:31:33+00:00","breadcrumb":{"@id":"https:\/\/departamentos.ufrrj.br\/del\/reserva-de-material-no-del\/#breadcrumb"},"inLanguage":"pt-BR","potentialAction":[{"@type":"ReadAction","target":["https:\/\/departamentos.ufrrj.br\/del\/reserva-de-material-no-del\/"]}]},{"@type":"ImageObject","inLanguage":"pt-BR","@id":"https:\/\/departamentos.ufrrj.br\/del\/reserva-de-material-no-del\/#primaryimage","url":"https:\/\/departamentos.ufrrj.br\/del\/wp-content\/uploads\/sites\/5\/2025\/03\/Design-sem-nome-4-150x150-1.jpg","contentUrl":"https:\/\/departamentos.ufrrj.br\/del\/wp-content\/uploads\/sites\/5\/2025\/03\/Design-sem-nome-4-150x150-1.jpg","width":150,"height":150,"caption":"Projeto de Voluntariado do DEL"},{"@type":"BreadcrumbList","@id":"https:\/\/departamentos.ufrrj.br\/del\/reserva-de-material-no-del\/#breadcrumb","itemListElement":[{"@type":"ListItem","position":1,"name":"In\u00edcio","item":"https:\/\/departamentos.ufrrj.br\/del\/"},{"@type":"ListItem","position":2,"name":"Reserva de Material no DEL"}]},{"@type":"WebSite","@id":"https:\/\/departamentos.ufrrj.br\/del\/#website","url":"https:\/\/departamentos.ufrrj.br\/del\/","name":"Departamento Ci\u00eancias Econ\u00f4micas","description":"","publisher":{"@id":"https:\/\/departamentos.ufrrj.br\/del\/#organization"},"potentialAction":[{"@type":"SearchAction","target":{"@type":"EntryPoint","urlTemplate":"https:\/\/departamentos.ufrrj.br\/del\/?s={search_term_string}"},"query-input":{"@type":"PropertyValueSpecification","valueRequired":true,"valueName":"search_term_string"}}],"inLanguage":"pt-BR"},{"@type":"Organization","@id":"https:\/\/departamentos.ufrrj.br\/del\/#organization","name":"Departamento Ci\u00eancias Econ\u00f4micas","url":"https:\/\/departamentos.ufrrj.br\/del\/","logo":{"@type":"ImageObject","inLanguage":"pt-BR","@id":"https:\/\/departamentos.ufrrj.br\/del\/#\/schema\/logo\/image\/","url":"https:\/\/departamentos.ufrrj.br\/del\/wp-content\/uploads\/sites\/5\/2025\/03\/Design-sem-nome-4-150x150-1.jpg","contentUrl":"https:\/\/departamentos.ufrrj.br\/del\/wp-content\/uploads\/sites\/5\/2025\/03\/Design-sem-nome-4-150x150-1.jpg","width":150,"height":150,"caption":"Departamento Ci\u00eancias Econ\u00f4micas"},"image":{"@id":"https:\/\/departamentos.ufrrj.br\/del\/#\/schema\/logo\/image\/"},"sameAs":["https:\/\/www.instagram.com\/del.ufrrj\/"]}]}},"_links":{"self":[{"href":"https:\/\/departamentos.ufrrj.br\/del\/wp-json\/wp\/v2\/pages\/856"}],"collection":[{"href":"https:\/\/departamentos.ufrrj.br\/del\/wp-json\/wp\/v2\/pages"}],"about":[{"href":"https:\/\/departamentos.ufrrj.br\/del\/wp-json\/wp\/v2\/types\/page"}],"author":[{"embeddable":true,"href":"https:\/\/departamentos.ufrrj.br\/del\/wp-json\/wp\/v2\/users\/5"}],"replies":[{"embeddable":true,"href":"https:\/\/departamentos.ufrrj.br\/del\/wp-json\/wp\/v2\/comments?post=856"}],"version-history":[{"count":1,"href":"https:\/\/departamentos.ufrrj.br\/del\/wp-json\/wp\/v2\/pages\/856\/revisions"}],"predecessor-version":[{"id":857,"href":"https:\/\/departamentos.ufrrj.br\/del\/wp-json\/wp\/v2\/pages\/856\/revisions\/857"}],"wp:attachment":[{"href":"https:\/\/departamentos.ufrrj.br\/del\/wp-json\/wp\/v2\/media?parent=856"}],"curies":[{"name":"wp","href":"https:\/\/api.w.org\/{rel}","templated":true}]}}