{"id":13,"date":"2024-09-13T16:03:30","date_gmt":"2024-09-13T19:03:30","guid":{"rendered":"https:\/\/departamentos.ufrrj.br\/icbs-dcfar\/?page_id=13"},"modified":"2025-05-29T13:01:23","modified_gmt":"2025-05-29T16:01:23","slug":"apresentacao","status":"publish","type":"page","link":"https:\/\/departamentos.ufrrj.br\/icbs-dcfar\/apresentacao\/","title":{"rendered":"Apresenta\u00e7\u00e3o"},"content":{"rendered":"<div class=\"wp-block-image\">\n<figure class=\"aligncenter size-full\"><img loading=\"lazy\" decoding=\"async\" width=\"768\" height=\"251\" src=\"https:\/\/departamentos.ufrrj.br\/icbs-dcfar\/wp-content\/uploads\/sites\/8\/2025\/05\/banner-dcfar.jpg\" alt=\"\" class=\"wp-image-215\" srcset=\"https:\/\/departamentos.ufrrj.br\/icbs-dcfar\/wp-content\/uploads\/sites\/8\/2025\/05\/banner-dcfar.jpg 768w, https:\/\/departamentos.ufrrj.br\/icbs-dcfar\/wp-content\/uploads\/sites\/8\/2025\/05\/banner-dcfar-300x98.jpg 300w, https:\/\/departamentos.ufrrj.br\/icbs-dcfar\/wp-content\/uploads\/sites\/8\/2025\/05\/banner-dcfar-214x70.jpg 214w\" sizes=\"(max-width: 768px) 100vw, 768px\" \/><\/figure><\/div>\n\n\n<p><\/p>\n\n\n\n<p>Farmac\u00eauticos e estudantes de Farm\u00e1cia de todo o Brasil j\u00e1 podem se candidatar a 2\u00aa Edi\u00e7\u00e3o da Escola de Inverno de Farm\u00e1cia (EIF2017), que ser\u00e1 entre 19 e 27 de janeiro de 2017. O evento \u00e9 uma realiza\u00e7\u00e3o do Instituto de Desenvolvimento Humano Integral Aplicado (Instituto ideHia; (www.idehia.org) e vai decorrer nas cidades do Porto (6 dias) e Coimbra (2 dias), em Portugal. O evento conta com o apoio institucional do Curso de Farm\u00e1cia da Universidade Federal Rural do Rio de Janeiro, Conselho Federal de Farm\u00e1cia (CFF), Sociedade Brasileira de Farmac\u00eauticos e Farm\u00e1cias Comunit\u00e1rias (SBFFC), entre outras institui\u00e7\u00f5es.<\/p>\n\n\n\n<p>O tema ser\u00e1 \u201cO Universo da Farm\u00e1cia Cl\u00ednica e Seus Desafios\u201d. A EIF2017 ter\u00e1 dura\u00e7\u00e3o de oito dias e o objetivo central \u00e9 proporcionar aos participantes um interc\u00e2mbio cient\u00edfico e cultural entre farmac\u00eauticos. Pretende-se favorecer e estimular o pensamento e a vis\u00e3o global da pr\u00e1tica profissional, que nesta edi\u00e7\u00e3o ter\u00e1 o foco sobre o Farmac\u00eautico e as pr\u00e1ticas clinicas, que indubitavelmente criam um novo perfil para este profissional, tanto dentro de equipes multiprofissionais quanto perante a sa\u00fade p\u00fablica e a sociedade.<\/p>\n\n\n\n<p>A EIF2017 constar\u00e1 de aulas, confer\u00eancias e visitas t\u00e9cnicas. O corpo docente \u00e9 formado por Professores de Universidades de diferentes pa\u00edses, empres\u00e1rios e representantes de institui\u00e7\u00f5es da \u00e1rea farmac\u00eautica.<\/p>\n\n\n\n<p>Uma novidade nesta edi\u00e7\u00e3o \u00e9 que os participantes poder\u00e3o submeter trabalhos cient\u00edficos para a apresenta\u00e7\u00e3o em painel. Tr\u00eas trabalhos ser\u00e3o seleccionados para apresenta\u00e7\u00e3o oral durante a EIF2017.<\/p>\n\n\n\n<p>Os inscritos na EIF2017 ter\u00e3o direito \u00e0: livre acesso \u00e0s aulas, confer\u00eancias e visitas t\u00e9cnicas; viagem Porto-Coimbra-Porto (\u00f4nibus da organiza\u00e7\u00e3o); 1 di\u00e1ria em hotel 4 estrelas em Coimbra (quarto duplo); Submiss\u00e3o de dois resumos; Certificado de Participa\u00e7\u00e3o (m\u00ednimo 75 % de frequ\u00eancia); Certificado de Apresenta\u00e7\u00e3o de trabalho (se for o caso); Livro de Resumos.<\/p>\n\n\n\n<p>Temos condi\u00e7\u00f5es especiais para inscri\u00e7\u00f5es de grupos.<\/p>\n\n\n\n<p>Lembramos que Professores e Estudantes da Universidade Federal Rural do Rio de Janeiro t\u00eam direito \u00e0 10 % de desconto no valor da inscri\u00e7\u00e3o.<\/p>\n\n\n\n<p>Para mais informa\u00e7\u00f5es e inscri\u00e7\u00e3o: envie um e-mail para escola.idehia@gmail.com ou consulte o site do evento em http:\/\/escoladeinverno.weebly.com\/<\/p>\n\n\n\n<p><\/p>\n","protected":false},"excerpt":{"rendered":"<p>Farmac\u00eauticos e estudantes de Farm\u00e1cia de todo o Brasil j\u00e1 podem se candidatar a 2\u00aa Edi\u00e7\u00e3o da Escola de Inverno de Farm\u00e1cia [&hellip;]<\/p>\n","protected":false},"author":1,"featured_media":0,"parent":0,"menu_order":0,"comment_status":"closed","ping_status":"closed","template":"","meta":{"_acf_changed":false,"footnotes":""},"class_list":["post-13","page","type-page","status-publish","hentry"],"acf":[],"yoast_head":"<!-- This site is optimized with the Yoast SEO plugin v23.4 - https:\/\/yoast.com\/wordpress\/plugins\/seo\/ -->\n<title>Apresenta\u00e7\u00e3o - Departamento de Ci\u00eancias Farmac\u00eauticas<\/title>\n<meta name=\"robots\" content=\"index, follow, max-snippet:-1, max-image-preview:large, max-video-preview:-1\" \/>\n<link rel=\"canonical\" href=\"https:\/\/departamentos.ufrrj.br\/icbs-dcfar\/apresentacao\/\" \/>\n<meta property=\"og:locale\" content=\"pt_BR\" \/>\n<meta property=\"og:type\" content=\"article\" \/>\n<meta property=\"og:title\" content=\"Apresenta\u00e7\u00e3o - Departamento de Ci\u00eancias Farmac\u00eauticas\" \/>\n<meta property=\"og:description\" content=\"Farmac\u00eauticos e estudantes de Farm\u00e1cia de todo o Brasil j\u00e1 podem se candidatar a 2\u00aa Edi\u00e7\u00e3o da Escola de Inverno de Farm\u00e1cia [&hellip;]\" \/>\n<meta property=\"og:url\" content=\"https:\/\/departamentos.ufrrj.br\/icbs-dcfar\/apresentacao\/\" \/>\n<meta property=\"og:site_name\" content=\"Departamento de Ci\u00eancias Farmac\u00eauticas\" \/>\n<meta property=\"article:modified_time\" content=\"2025-05-29T16:01:23+00:00\" \/>\n<meta property=\"og:image\" content=\"https:\/\/departamentos.ufrrj.br\/icbs-dcfar\/wp-content\/uploads\/sites\/8\/2025\/05\/banner-dcfar.jpg\" \/>\n<meta name=\"twitter:card\" content=\"summary_large_image\" \/>\n<meta name=\"twitter:label1\" content=\"Est. tempo de leitura\" \/>\n\t<meta name=\"twitter:data1\" content=\"3 minutos\" \/>\n<script type=\"application\/ld+json\" class=\"yoast-schema-graph\">{\"@context\":\"https:\/\/schema.org\",\"@graph\":[{\"@type\":\"WebPage\",\"@id\":\"https:\/\/departamentos.ufrrj.br\/icbs-dcfar\/apresentacao\/\",\"url\":\"https:\/\/departamentos.ufrrj.br\/icbs-dcfar\/apresentacao\/\",\"name\":\"Apresenta\u00e7\u00e3o - Departamento de Ci\u00eancias Farmac\u00eauticas\",\"isPartOf\":{\"@id\":\"https:\/\/departamentos.ufrrj.br\/icbs-dcfar\/#website\"},\"primaryImageOfPage\":{\"@id\":\"https:\/\/departamentos.ufrrj.br\/icbs-dcfar\/apresentacao\/#primaryimage\"},\"image\":{\"@id\":\"https:\/\/departamentos.ufrrj.br\/icbs-dcfar\/apresentacao\/#primaryimage\"},\"thumbnailUrl\":\"https:\/\/departamentos.ufrrj.br\/icbs-dcfar\/wp-content\/uploads\/sites\/8\/2025\/05\/banner-dcfar.jpg\",\"datePublished\":\"2024-09-13T19:03:30+00:00\",\"dateModified\":\"2025-05-29T16:01:23+00:00\",\"breadcrumb\":{\"@id\":\"https:\/\/departamentos.ufrrj.br\/icbs-dcfar\/apresentacao\/#breadcrumb\"},\"inLanguage\":\"pt-BR\",\"potentialAction\":[{\"@type\":\"ReadAction\",\"target\":[\"https:\/\/departamentos.ufrrj.br\/icbs-dcfar\/apresentacao\/\"]}]},{\"@type\":\"ImageObject\",\"inLanguage\":\"pt-BR\",\"@id\":\"https:\/\/departamentos.ufrrj.br\/icbs-dcfar\/apresentacao\/#primaryimage\",\"url\":\"https:\/\/departamentos.ufrrj.br\/icbs-dcfar\/wp-content\/uploads\/sites\/8\/2025\/05\/banner-dcfar.jpg\",\"contentUrl\":\"https:\/\/departamentos.ufrrj.br\/icbs-dcfar\/wp-content\/uploads\/sites\/8\/2025\/05\/banner-dcfar.jpg\",\"width\":768,\"height\":251},{\"@type\":\"BreadcrumbList\",\"@id\":\"https:\/\/departamentos.ufrrj.br\/icbs-dcfar\/apresentacao\/#breadcrumb\",\"itemListElement\":[{\"@type\":\"ListItem\",\"position\":1,\"name\":\"In\u00edcio\",\"item\":\"https:\/\/departamentos.ufrrj.br\/icbs-dcfar\/\"},{\"@type\":\"ListItem\",\"position\":2,\"name\":\"Apresenta\u00e7\u00e3o\"}]},{\"@type\":\"WebSite\",\"@id\":\"https:\/\/departamentos.ufrrj.br\/icbs-dcfar\/#website\",\"url\":\"https:\/\/departamentos.ufrrj.br\/icbs-dcfar\/\",\"name\":\"Departamento Ci\u00eancias Farmac\u00eauticas\",\"description\":\"\",\"potentialAction\":[{\"@type\":\"SearchAction\",\"target\":{\"@type\":\"EntryPoint\",\"urlTemplate\":\"https:\/\/departamentos.ufrrj.br\/icbs-dcfar\/?s={search_term_string}\"},\"query-input\":{\"@type\":\"PropertyValueSpecification\",\"valueRequired\":true,\"valueName\":\"search_term_string\"}}],\"inLanguage\":\"pt-BR\"}]}<\/script>\n<!-- \/ Yoast SEO plugin. -->","yoast_head_json":{"title":"Apresenta\u00e7\u00e3o - Departamento de Ci\u00eancias Farmac\u00eauticas","robots":{"index":"index","follow":"follow","max-snippet":"max-snippet:-1","max-image-preview":"max-image-preview:large","max-video-preview":"max-video-preview:-1"},"canonical":"https:\/\/departamentos.ufrrj.br\/icbs-dcfar\/apresentacao\/","og_locale":"pt_BR","og_type":"article","og_title":"Apresenta\u00e7\u00e3o - Departamento de Ci\u00eancias Farmac\u00eauticas","og_description":"Farmac\u00eauticos e estudantes de Farm\u00e1cia de todo o Brasil j\u00e1 podem se candidatar a 2\u00aa Edi\u00e7\u00e3o da Escola de Inverno de Farm\u00e1cia [&hellip;]","og_url":"https:\/\/departamentos.ufrrj.br\/icbs-dcfar\/apresentacao\/","og_site_name":"Departamento de Ci\u00eancias Farmac\u00eauticas","article_modified_time":"2025-05-29T16:01:23+00:00","og_image":[{"url":"https:\/\/departamentos.ufrrj.br\/icbs-dcfar\/wp-content\/uploads\/sites\/8\/2025\/05\/banner-dcfar.jpg"}],"twitter_card":"summary_large_image","twitter_misc":{"Est. tempo de leitura":"3 minutos"},"schema":{"@context":"https:\/\/schema.org","@graph":[{"@type":"WebPage","@id":"https:\/\/departamentos.ufrrj.br\/icbs-dcfar\/apresentacao\/","url":"https:\/\/departamentos.ufrrj.br\/icbs-dcfar\/apresentacao\/","name":"Apresenta\u00e7\u00e3o - Departamento de Ci\u00eancias Farmac\u00eauticas","isPartOf":{"@id":"https:\/\/departamentos.ufrrj.br\/icbs-dcfar\/#website"},"primaryImageOfPage":{"@id":"https:\/\/departamentos.ufrrj.br\/icbs-dcfar\/apresentacao\/#primaryimage"},"image":{"@id":"https:\/\/departamentos.ufrrj.br\/icbs-dcfar\/apresentacao\/#primaryimage"},"thumbnailUrl":"https:\/\/departamentos.ufrrj.br\/icbs-dcfar\/wp-content\/uploads\/sites\/8\/2025\/05\/banner-dcfar.jpg","datePublished":"2024-09-13T19:03:30+00:00","dateModified":"2025-05-29T16:01:23+00:00","breadcrumb":{"@id":"https:\/\/departamentos.ufrrj.br\/icbs-dcfar\/apresentacao\/#breadcrumb"},"inLanguage":"pt-BR","potentialAction":[{"@type":"ReadAction","target":["https:\/\/departamentos.ufrrj.br\/icbs-dcfar\/apresentacao\/"]}]},{"@type":"ImageObject","inLanguage":"pt-BR","@id":"https:\/\/departamentos.ufrrj.br\/icbs-dcfar\/apresentacao\/#primaryimage","url":"https:\/\/departamentos.ufrrj.br\/icbs-dcfar\/wp-content\/uploads\/sites\/8\/2025\/05\/banner-dcfar.jpg","contentUrl":"https:\/\/departamentos.ufrrj.br\/icbs-dcfar\/wp-content\/uploads\/sites\/8\/2025\/05\/banner-dcfar.jpg","width":768,"height":251},{"@type":"BreadcrumbList","@id":"https:\/\/departamentos.ufrrj.br\/icbs-dcfar\/apresentacao\/#breadcrumb","itemListElement":[{"@type":"ListItem","position":1,"name":"In\u00edcio","item":"https:\/\/departamentos.ufrrj.br\/icbs-dcfar\/"},{"@type":"ListItem","position":2,"name":"Apresenta\u00e7\u00e3o"}]},{"@type":"WebSite","@id":"https:\/\/departamentos.ufrrj.br\/icbs-dcfar\/#website","url":"https:\/\/departamentos.ufrrj.br\/icbs-dcfar\/","name":"Departamento Ci\u00eancias Farmac\u00eauticas","description":"","potentialAction":[{"@type":"SearchAction","target":{"@type":"EntryPoint","urlTemplate":"https:\/\/departamentos.ufrrj.br\/icbs-dcfar\/?s={search_term_string}"},"query-input":{"@type":"PropertyValueSpecification","valueRequired":true,"valueName":"search_term_string"}}],"inLanguage":"pt-BR"}]}},"_links":{"self":[{"href":"https:\/\/departamentos.ufrrj.br\/icbs-dcfar\/wp-json\/wp\/v2\/pages\/13"}],"collection":[{"href":"https:\/\/departamentos.ufrrj.br\/icbs-dcfar\/wp-json\/wp\/v2\/pages"}],"about":[{"href":"https:\/\/departamentos.ufrrj.br\/icbs-dcfar\/wp-json\/wp\/v2\/types\/page"}],"author":[{"embeddable":true,"href":"https:\/\/departamentos.ufrrj.br\/icbs-dcfar\/wp-json\/wp\/v2\/users\/1"}],"replies":[{"embeddable":true,"href":"https:\/\/departamentos.ufrrj.br\/icbs-dcfar\/wp-json\/wp\/v2\/comments?post=13"}],"version-history":[{"count":3,"href":"https:\/\/departamentos.ufrrj.br\/icbs-dcfar\/wp-json\/wp\/v2\/pages\/13\/revisions"}],"predecessor-version":[{"id":224,"href":"https:\/\/departamentos.ufrrj.br\/icbs-dcfar\/wp-json\/wp\/v2\/pages\/13\/revisions\/224"}],"wp:attachment":[{"href":"https:\/\/departamentos.ufrrj.br\/icbs-dcfar\/wp-json\/wp\/v2\/media?parent=13"}],"curies":[{"name":"wp","href":"https:\/\/api.w.org\/{rel}","templated":true}]}}