{"id":175,"date":"2025-04-09T14:53:25","date_gmt":"2025-04-09T17:53:25","guid":{"rendered":"https:\/\/departamentos.ufrrj.br\/icbs-dcfar\/?page_id=175"},"modified":"2025-05-29T13:07:06","modified_gmt":"2025-05-29T16:07:06","slug":"disciplinas-obrigatorias","status":"publish","type":"page","link":"https:\/\/departamentos.ufrrj.br\/icbs-dcfar\/disciplinas-obrigatorias\/","title":{"rendered":"Disciplinas obrigat\u00f3rias"},"content":{"rendered":"\n<p><a href=\"https:\/\/drive.google.com\/file\/d\/1n2EPs0NO1j9iRYyEtJc-LSJHMekhBe1E\/view?usp=drive_link\">Assuntos Regulat\u00f3rios \u2013 IC647<\/a><\/p>\n\n\n\n<p><a href=\"https:\/\/drive.google.com\/file\/d\/1ENDhE_FvXv_QSWfuRvkYDdt_IvaMnX3i\/view?usp=drive_link\">Bioqu\u00edmica Cl\u00ednica I \u2013 IB320<\/a><\/p>\n\n\n\n<p><a href=\"https:\/\/drive.google.com\/file\/d\/1owUOBDF2mSkGKGbBkRcgY36z5GZFU2yj\/view?usp=drive_link\">Bioquimica Farmac\u00eautica \u2013 IB710<\/a><\/p>\n\n\n\n<p><a href=\"https:\/\/drive.google.com\/file\/d\/1F8DBWiZPDjqYs7qHTRp9yUGfP_lbiXVm\/view?usp=drive_link\">Biotecnologia Farmac\u00eautica \u2013 IB711<\/a><\/p>\n\n\n\n<p><a href=\"https:\/\/drive.google.com\/file\/d\/1Kgx_cJ4qW6cHuZpnG_j-CYuR1aqEKfkh\/view?usp=drive_link\">Controle de Qualidade de Insumos e Medicamentos \u2013 IB715<\/a><\/p>\n\n\n\n<p><a href=\"https:\/\/drive.google.com\/file\/d\/1wRCmrLsdGAl_5qdlBZDEsO39ysEG815K\/view?usp=drive_link\">Cosmetologia \u2013 IB717<\/a><\/p>\n\n\n\n<p><a href=\"https:\/\/drive.google.com\/file\/d\/1P3UfLwbjfhtJApxO8fRsJ2jIebTdF3JD\/view?usp=drive_link\">Deontologia e Legisla\u00e7\u00e3o Farmac\u00eautica \u2013 IC643<\/a><\/p>\n\n\n\n<p><a href=\"https:\/\/drive.google.com\/file\/d\/1shROEiRNKV5ALiTGYwSFhgF0DC-_COS5\/view?usp=drive_link\">Diagn\u00f3stico Cl\u00ednico e Laboratorial \u2013 IB322<\/a><\/p>\n\n\n\n<p><a href=\"https:\/\/drive.google.com\/file\/d\/1u16PiOeotef_6Ez81BE4cW5KelfUAARw\/view?usp=drive_link\">Empreendorismo Farmac\u00eautico \u2013 IB72<\/a><\/p>\n\n\n\n<p><a href=\"https:\/\/drive.google.com\/file\/d\/14-sz5-RyuIh1NemuljLSHbQM8b3Mu7mO\/view?usp=drive_link\">Farm\u00e1cia Cl\u00ednica \u2013 IB709<\/a><\/p>\n\n\n\n<p><a href=\"https:\/\/drive.google.com\/file\/d\/1aDVYCvjppjIrAJ9v5-UHQTmVkZTlUU9e\/view?usp=drive_link\">Farm\u00e1cia Hospitalar \u2013 IB728<\/a><\/p>\n\n\n\n<p><a href=\"https:\/\/drive.google.com\/file\/d\/15RmVo8JimBT400TJn9bpAmPDf2ll7t-L\/view?usp=drive_link\">Farmaco terapia \u2013 IB726<\/a><\/p>\n\n\n\n<p><a href=\"https:\/\/drive.google.com\/file\/d\/1ad5kVij1mcZj5Dp2MiUwAjUnGk0QQ2EL\/view?usp=drive_link\">Farmacobotanica \u2013 IB614<\/a><\/p>\n\n\n\n<p><a href=\"https:\/\/drive.google.com\/file\/d\/1zltd3Zb52zsrGmpZKpAbmH_6n438RZoR\/view?usp=drive_link\">Farmacognosia I \u2013 IC633<\/a><\/p>\n\n\n\n<p><a href=\"https:\/\/drive.google.com\/file\/d\/1GUwiKvwtEHQAtgjHR93tkigi2IA8Bxt3\/view?usp=drive_link\">Farmacognosia II \u2013 IB720<\/a><\/p>\n\n\n\n<p><a href=\"https:\/\/drive.google.com\/file\/d\/1VFtrTA_kpMRwnIdO5qKPuzjyY7dzsj28\/view?usp=drive_link\">Farmacotecnica I (Te\u00f3rica) \u2013 IB729<\/a><\/p>\n\n\n\n<p><a href=\"https:\/\/drive.google.com\/file\/d\/1wmHqd0oXx-PQS0iXHU6q3ZzE2OIk6ioJ\/view?usp=drive_link\">Farmacotecnica I (Pr\u00e1tica) \u2013 IB730<\/a><\/p>\n\n\n\n<p><a href=\"https:\/\/drive.google.com\/file\/d\/1i64YYivuyvqq_BGfDWRJXO9CmiasepIA\/view?usp=drive_link\">Farmacotecnica II (Te\u00f3rica) \u2013 IB731<\/a><\/p>\n\n\n\n<p><a href=\"https:\/\/drive.google.com\/file\/d\/1Z2RYXctftLIwFm9fDR5aRjG0ykrieX4l\/view?usp=drive_link\">Farmacotecnica II (Pr\u00e1tica) \u2013 IB732<\/a><\/p>\n\n\n\n<p><a href=\"https:\/\/drive.google.com\/file\/d\/11JxJmXBl5jm-RMGxcv4vNRe5rOAwhM1m\/view?usp=drive_link\">Gest\u00e3o Farmac\u00eautica no SUS \u2013 IB724<\/a><\/p>\n\n\n\n<p><a href=\"https:\/\/drive.google.com\/file\/d\/1v6qt9C7vtt8-J4QYKHhhGJB_zpxDiwq-\/view?usp=drive_link\">Hematologia Cl\u00ednica \u2013 IB701<\/a><\/p>\n\n\n\n<p><a href=\"https:\/\/drive.google.com\/file\/d\/13RT7nEbUgSSu6eANdBDgRNJnhFiMZhO7\/view?usp=drive_link\">Introdu\u00e7\u00e3o \u00e0 Biofarm\u00e1cia \u2013 IB725<\/a><\/p>\n\n\n\n<p><a href=\"https:\/\/drive.google.com\/file\/d\/1ZT_M45M0d_8vk8ToAlhkiey5uTvc4AAn\/view?usp=drive_link\">Introdu\u00e7\u00e3o \u00e0s Ci\u00eancias Farmac\u00eauticas \u2013 IC624<\/a><\/p>\n\n\n\n<p><a href=\"https:\/\/drive.google.com\/file\/d\/1gxEOANvwm4AWDobR7GoZaGV0a_ypuuyQ\/view?usp=drive_link\">Processos e Tecnologia Industrial e Farmac\u00eautica \u2013 IB721<\/a><\/p>\n\n\n\n<p><a href=\"https:\/\/drive.google.com\/file\/d\/121us1bjljM1ml2cPvuB1wGUe3WfuSNfi\/view?usp=drive_link\">Qu\u00edmica Farmac\u00eautica e Medicinal \u2013 IB722<\/a><\/p>\n\n\n\n<p><a href=\"https:\/\/drive.google.com\/file\/d\/1ZR2zgaQjhhP_ZfhNlQv1CGaU0i2pdZg8\/view?usp=drive_link\">Semiologia \u2013 IB727<\/a><\/p>\n\n\n\n<p><a href=\"https:\/\/drive.google.com\/file\/d\/1yabvGjcd_yoB8bCkRZQffTxqWHmUAvUU\/view?usp=drive_link\">Sistema de Gest\u00e3o da Qualidade \u2013 IB716<\/a><\/p>\n\n\n\n<p><a href=\"https:\/\/drive.google.com\/file\/d\/1aUs5DFq_SaHOpzpoF_P50PxCsjb-DBwb\/view?usp=drive_link\">TCC \u2013 IB330<\/a><\/p>\n\n\n\n<p><a href=\"https:\/\/drive.google.com\/file\/d\/1NtLON6WXDAjWgvp-eKuewLDbwseJbSmh\/view?usp=drive_link\">Tecnologia Qu\u00edmico Farmac\u00eautica \u2013 IB331<\/a><\/p>\n\n\n\n<p><a href=\"https:\/\/drive.google.com\/file\/d\/1XwvE2sgi-LSdUDQuPSTO3EHAmEWuVP_q\/view?usp=drive_link\">Toxicologia Cl\u00ednica e Forense \u2013 IB713<\/a><\/p>\n\n\n\n<p><a href=\"https:\/\/drive.google.com\/file\/d\/1TkljEWXCIfPGdcBI_DZlqtjhOSVaSpSj\/view?usp=drive_link\">Toxicologia Geral \u2013 IB712<\/a><\/p>\n","protected":false},"excerpt":{"rendered":"<p>Assuntos Regulat\u00f3rios \u2013 IC647 Bioqu\u00edmica Cl\u00ednica I \u2013 IB320 Bioquimica Farmac\u00eautica \u2013 IB710 Biotecnologia Farmac\u00eautica \u2013 IB711 Controle de Qualidade de Insumos [&hellip;]<\/p>\n","protected":false},"author":1,"featured_media":0,"parent":0,"menu_order":0,"comment_status":"closed","ping_status":"closed","template":"","meta":{"_acf_changed":false,"footnotes":""},"class_list":["post-175","page","type-page","status-publish","hentry"],"acf":[],"yoast_head":"<!-- This site is optimized with the Yoast SEO plugin v23.4 - https:\/\/yoast.com\/wordpress\/plugins\/seo\/ -->\n<title>Disciplinas obrigat\u00f3rias - Departamento de Ci\u00eancias Farmac\u00eauticas<\/title>\n<meta name=\"robots\" content=\"index, follow, max-snippet:-1, max-image-preview:large, max-video-preview:-1\" \/>\n<link rel=\"canonical\" href=\"https:\/\/departamentos.ufrrj.br\/icbs-dcfar\/disciplinas-obrigatorias\/\" \/>\n<meta property=\"og:locale\" content=\"pt_BR\" \/>\n<meta property=\"og:type\" content=\"article\" \/>\n<meta property=\"og:title\" content=\"Disciplinas obrigat\u00f3rias - Departamento de Ci\u00eancias Farmac\u00eauticas\" \/>\n<meta property=\"og:description\" content=\"Assuntos Regulat\u00f3rios \u2013 IC647 Bioqu\u00edmica Cl\u00ednica I \u2013 IB320 Bioquimica Farmac\u00eautica \u2013 IB710 Biotecnologia Farmac\u00eautica \u2013 IB711 Controle de Qualidade de Insumos [&hellip;]\" \/>\n<meta property=\"og:url\" content=\"https:\/\/departamentos.ufrrj.br\/icbs-dcfar\/disciplinas-obrigatorias\/\" \/>\n<meta property=\"og:site_name\" content=\"Departamento de Ci\u00eancias Farmac\u00eauticas\" \/>\n<meta property=\"article:modified_time\" content=\"2025-05-29T16:07:06+00:00\" \/>\n<meta name=\"twitter:card\" content=\"summary_large_image\" \/>\n<meta name=\"twitter:label1\" content=\"Est. tempo de leitura\" \/>\n\t<meta name=\"twitter:data1\" content=\"1 minuto\" \/>\n<script type=\"application\/ld+json\" class=\"yoast-schema-graph\">{\"@context\":\"https:\/\/schema.org\",\"@graph\":[{\"@type\":\"WebPage\",\"@id\":\"https:\/\/departamentos.ufrrj.br\/icbs-dcfar\/disciplinas-obrigatorias\/\",\"url\":\"https:\/\/departamentos.ufrrj.br\/icbs-dcfar\/disciplinas-obrigatorias\/\",\"name\":\"Disciplinas obrigat\u00f3rias - Departamento de Ci\u00eancias Farmac\u00eauticas\",\"isPartOf\":{\"@id\":\"https:\/\/departamentos.ufrrj.br\/icbs-dcfar\/#website\"},\"datePublished\":\"2025-04-09T17:53:25+00:00\",\"dateModified\":\"2025-05-29T16:07:06+00:00\",\"breadcrumb\":{\"@id\":\"https:\/\/departamentos.ufrrj.br\/icbs-dcfar\/disciplinas-obrigatorias\/#breadcrumb\"},\"inLanguage\":\"pt-BR\",\"potentialAction\":[{\"@type\":\"ReadAction\",\"target\":[\"https:\/\/departamentos.ufrrj.br\/icbs-dcfar\/disciplinas-obrigatorias\/\"]}]},{\"@type\":\"BreadcrumbList\",\"@id\":\"https:\/\/departamentos.ufrrj.br\/icbs-dcfar\/disciplinas-obrigatorias\/#breadcrumb\",\"itemListElement\":[{\"@type\":\"ListItem\",\"position\":1,\"name\":\"In\u00edcio\",\"item\":\"https:\/\/departamentos.ufrrj.br\/icbs-dcfar\/\"},{\"@type\":\"ListItem\",\"position\":2,\"name\":\"Disciplinas obrigat\u00f3rias\"}]},{\"@type\":\"WebSite\",\"@id\":\"https:\/\/departamentos.ufrrj.br\/icbs-dcfar\/#website\",\"url\":\"https:\/\/departamentos.ufrrj.br\/icbs-dcfar\/\",\"name\":\"Departamento Ci\u00eancias Farmac\u00eauticas\",\"description\":\"\",\"potentialAction\":[{\"@type\":\"SearchAction\",\"target\":{\"@type\":\"EntryPoint\",\"urlTemplate\":\"https:\/\/departamentos.ufrrj.br\/icbs-dcfar\/?s={search_term_string}\"},\"query-input\":{\"@type\":\"PropertyValueSpecification\",\"valueRequired\":true,\"valueName\":\"search_term_string\"}}],\"inLanguage\":\"pt-BR\"}]}<\/script>\n<!-- \/ Yoast SEO plugin. -->","yoast_head_json":{"title":"Disciplinas obrigat\u00f3rias - Departamento de Ci\u00eancias Farmac\u00eauticas","robots":{"index":"index","follow":"follow","max-snippet":"max-snippet:-1","max-image-preview":"max-image-preview:large","max-video-preview":"max-video-preview:-1"},"canonical":"https:\/\/departamentos.ufrrj.br\/icbs-dcfar\/disciplinas-obrigatorias\/","og_locale":"pt_BR","og_type":"article","og_title":"Disciplinas obrigat\u00f3rias - Departamento de Ci\u00eancias Farmac\u00eauticas","og_description":"Assuntos Regulat\u00f3rios \u2013 IC647 Bioqu\u00edmica Cl\u00ednica I \u2013 IB320 Bioquimica Farmac\u00eautica \u2013 IB710 Biotecnologia Farmac\u00eautica \u2013 IB711 Controle de Qualidade de Insumos [&hellip;]","og_url":"https:\/\/departamentos.ufrrj.br\/icbs-dcfar\/disciplinas-obrigatorias\/","og_site_name":"Departamento de Ci\u00eancias Farmac\u00eauticas","article_modified_time":"2025-05-29T16:07:06+00:00","twitter_card":"summary_large_image","twitter_misc":{"Est. tempo de leitura":"1 minuto"},"schema":{"@context":"https:\/\/schema.org","@graph":[{"@type":"WebPage","@id":"https:\/\/departamentos.ufrrj.br\/icbs-dcfar\/disciplinas-obrigatorias\/","url":"https:\/\/departamentos.ufrrj.br\/icbs-dcfar\/disciplinas-obrigatorias\/","name":"Disciplinas obrigat\u00f3rias - Departamento de Ci\u00eancias Farmac\u00eauticas","isPartOf":{"@id":"https:\/\/departamentos.ufrrj.br\/icbs-dcfar\/#website"},"datePublished":"2025-04-09T17:53:25+00:00","dateModified":"2025-05-29T16:07:06+00:00","breadcrumb":{"@id":"https:\/\/departamentos.ufrrj.br\/icbs-dcfar\/disciplinas-obrigatorias\/#breadcrumb"},"inLanguage":"pt-BR","potentialAction":[{"@type":"ReadAction","target":["https:\/\/departamentos.ufrrj.br\/icbs-dcfar\/disciplinas-obrigatorias\/"]}]},{"@type":"BreadcrumbList","@id":"https:\/\/departamentos.ufrrj.br\/icbs-dcfar\/disciplinas-obrigatorias\/#breadcrumb","itemListElement":[{"@type":"ListItem","position":1,"name":"In\u00edcio","item":"https:\/\/departamentos.ufrrj.br\/icbs-dcfar\/"},{"@type":"ListItem","position":2,"name":"Disciplinas obrigat\u00f3rias"}]},{"@type":"WebSite","@id":"https:\/\/departamentos.ufrrj.br\/icbs-dcfar\/#website","url":"https:\/\/departamentos.ufrrj.br\/icbs-dcfar\/","name":"Departamento Ci\u00eancias Farmac\u00eauticas","description":"","potentialAction":[{"@type":"SearchAction","target":{"@type":"EntryPoint","urlTemplate":"https:\/\/departamentos.ufrrj.br\/icbs-dcfar\/?s={search_term_string}"},"query-input":{"@type":"PropertyValueSpecification","valueRequired":true,"valueName":"search_term_string"}}],"inLanguage":"pt-BR"}]}},"_links":{"self":[{"href":"https:\/\/departamentos.ufrrj.br\/icbs-dcfar\/wp-json\/wp\/v2\/pages\/175"}],"collection":[{"href":"https:\/\/departamentos.ufrrj.br\/icbs-dcfar\/wp-json\/wp\/v2\/pages"}],"about":[{"href":"https:\/\/departamentos.ufrrj.br\/icbs-dcfar\/wp-json\/wp\/v2\/types\/page"}],"author":[{"embeddable":true,"href":"https:\/\/departamentos.ufrrj.br\/icbs-dcfar\/wp-json\/wp\/v2\/users\/1"}],"replies":[{"embeddable":true,"href":"https:\/\/departamentos.ufrrj.br\/icbs-dcfar\/wp-json\/wp\/v2\/comments?post=175"}],"version-history":[{"count":2,"href":"https:\/\/departamentos.ufrrj.br\/icbs-dcfar\/wp-json\/wp\/v2\/pages\/175\/revisions"}],"predecessor-version":[{"id":227,"href":"https:\/\/departamentos.ufrrj.br\/icbs-dcfar\/wp-json\/wp\/v2\/pages\/175\/revisions\/227"}],"wp:attachment":[{"href":"https:\/\/departamentos.ufrrj.br\/icbs-dcfar\/wp-json\/wp\/v2\/media?parent=175"}],"curies":[{"name":"wp","href":"https:\/\/api.w.org\/{rel}","templated":true}]}}