{"id":15,"date":"2024-09-13T16:03:50","date_gmt":"2024-09-13T19:03:50","guid":{"rendered":"https:\/\/departamentos.ufrrj.br\/icbs-dcfis\/?page_id=15"},"modified":"2025-04-09T16:06:52","modified_gmt":"2025-04-09T19:06:52","slug":"fale-conosco","status":"publish","type":"page","link":"https:\/\/departamentos.ufrrj.br\/icbs-dcfis\/fale-conosco\/","title":{"rendered":"Fale conosco"},"content":{"rendered":"\n<div class=\"wp-block-contact-form-7-contact-form-selector\">\n<div class=\"wpcf7 no-js\" id=\"wpcf7-f26-o1\" lang=\"pt-BR\" dir=\"ltr\">\n<div class=\"screen-reader-response\"><p role=\"status\" aria-live=\"polite\" aria-atomic=\"true\"><\/p> <ul><\/ul><\/div>\n<form action=\"\/icbs-dcfis\/wp-json\/wp\/v2\/pages\/15#wpcf7-f26-o1\" method=\"post\" class=\"wpcf7-form init\" aria-label=\"Formul\u00e1rios de contato\" novalidate=\"novalidate\" data-status=\"init\">\n<div style=\"display: none;\">\n<input type=\"hidden\" name=\"_wpcf7\" value=\"26\" \/>\n<input type=\"hidden\" name=\"_wpcf7_version\" value=\"5.9.8\" \/>\n<input type=\"hidden\" name=\"_wpcf7_locale\" value=\"pt_BR\" \/>\n<input type=\"hidden\" name=\"_wpcf7_unit_tag\" value=\"wpcf7-f26-o1\" \/>\n<input type=\"hidden\" name=\"_wpcf7_container_post\" value=\"0\" \/>\n<input type=\"hidden\" name=\"_wpcf7_posted_data_hash\" value=\"\" \/>\n<\/div>\n<p><label> Seu nome<br \/>\n<span class=\"wpcf7-form-control-wrap\" data-name=\"your-name\"><input size=\"40\" maxlength=\"400\" class=\"wpcf7-form-control wpcf7-text wpcf7-validates-as-required\" autocomplete=\"name\" aria-required=\"true\" aria-invalid=\"false\" value=\"\" type=\"text\" name=\"your-name\" \/><\/span> <\/label>\n<\/p>\n<p><label> Seu e-mail<br \/>\n<span class=\"wpcf7-form-control-wrap\" data-name=\"your-email\"><input size=\"40\" maxlength=\"400\" class=\"wpcf7-form-control wpcf7-email wpcf7-validates-as-required wpcf7-text wpcf7-validates-as-email\" autocomplete=\"email\" aria-required=\"true\" aria-invalid=\"false\" value=\"\" type=\"email\" name=\"your-email\" \/><\/span> <\/label>\n<\/p>\n<p><label> Assunto<br \/>\n<span class=\"wpcf7-form-control-wrap\" data-name=\"your-subject\"><input size=\"40\" maxlength=\"400\" class=\"wpcf7-form-control wpcf7-text wpcf7-validates-as-required\" aria-required=\"true\" aria-invalid=\"false\" value=\"\" type=\"text\" name=\"your-subject\" \/><\/span> <\/label>\n<\/p>\n<p><label> Sua mensagem (opcional)<br \/>\n<span class=\"wpcf7-form-control-wrap\" data-name=\"your-message\"><textarea cols=\"40\" rows=\"10\" maxlength=\"2000\" class=\"wpcf7-form-control wpcf7-textarea\" aria-invalid=\"false\" name=\"your-message\"><\/textarea><\/span> <\/label>\n<\/p>\n<p><input class=\"wpcf7-form-control wpcf7-submit has-spinner\" type=\"submit\" value=\"Enviar\" \/>\n<\/p><div class=\"wpcf7-response-output\" aria-hidden=\"true\"><\/div>\n<\/form>\n<\/div>\n<\/div>\n\n\n\n<div style=\"height:35px\" aria-hidden=\"true\" class=\"wp-block-spacer\"><\/div>\n\n\n\n<hr class=\"wp-block-separator has-alpha-channel-opacity\"\/>\n\n\n\n<div style=\"height:25px\" aria-hidden=\"true\" class=\"wp-block-spacer\"><\/div>\n\n\n\n<h3 class=\"wp-block-heading\"><strong>Secret\u00e1ria Dione Carvalho<\/strong><\/h3>\n\n\n\n<p><strong>Endere\u00e7o<\/strong>: UFRRJ, BR 465, Km 7, Centro Integrado de Ci\u00eancias da Sa\u00fade (CICS),\u00a02\u00b0\u00a0andar, sala 31,\u00a0 \u00a0 \u00a0 \u00a0 \u00a0 \u00a0 Serop\u00e9dica, RJ, CEP 23897-970. <\/p>\n\n\n\n<p><strong>Ponto de refer\u00eancia<\/strong>: Pr\u00f3ximo a antiga Impressa universit\u00e1ria, atr\u00e1s do Departamento de Fitopatologia.<\/p>\n\n\n\n<p><\/p>\n\n\n\n<p><\/p>\n","protected":false},"excerpt":{"rendered":"<p>Secret\u00e1ria Dione Carvalho Endere\u00e7o: UFRRJ, BR 465, Km 7, Centro Integrado de Ci\u00eancias da Sa\u00fade (CICS),\u00a02\u00b0\u00a0andar, sala 31,\u00a0 \u00a0 \u00a0 \u00a0 \u00a0 [&hellip;]<\/p>\n","protected":false},"author":1,"featured_media":0,"parent":0,"menu_order":0,"comment_status":"closed","ping_status":"closed","template":"page-faleconosco.php","meta":{"_acf_changed":false,"footnotes":""},"class_list":["post-15","page","type-page","status-publish","hentry"],"acf":[],"yoast_head":"<!-- This site is optimized with the Yoast SEO plugin v23.4 - https:\/\/yoast.com\/wordpress\/plugins\/seo\/ -->\n<title>Fale conosco - Departamento de Ci\u00eancias Fisiol\u00f3gicas<\/title>\n<meta name=\"robots\" content=\"index, follow, max-snippet:-1, max-image-preview:large, max-video-preview:-1\" \/>\n<link rel=\"canonical\" href=\"https:\/\/departamentos.ufrrj.br\/icbs-dcfis\/fale-conosco\/\" \/>\n<meta property=\"og:locale\" content=\"pt_BR\" \/>\n<meta property=\"og:type\" content=\"article\" \/>\n<meta property=\"og:title\" content=\"Fale conosco - Departamento de Ci\u00eancias Fisiol\u00f3gicas\" \/>\n<meta property=\"og:description\" content=\"Secret\u00e1ria Dione Carvalho Endere\u00e7o: UFRRJ, BR 465, Km 7, Centro Integrado de Ci\u00eancias da Sa\u00fade (CICS),\u00a02\u00b0\u00a0andar, sala 31,\u00a0 \u00a0 \u00a0 \u00a0 \u00a0 [&hellip;]\" \/>\n<meta property=\"og:url\" content=\"https:\/\/departamentos.ufrrj.br\/icbs-dcfis\/fale-conosco\/\" \/>\n<meta property=\"og:site_name\" content=\"Departamento de Ci\u00eancias Fisiol\u00f3gicas\" \/>\n<meta property=\"article:modified_time\" content=\"2025-04-09T19:06:52+00:00\" \/>\n<meta name=\"twitter:card\" content=\"summary_large_image\" \/>\n<meta name=\"twitter:label1\" content=\"Est. tempo de leitura\" \/>\n\t<meta name=\"twitter:data1\" content=\"1 minuto\" \/>\n<script type=\"application\/ld+json\" class=\"yoast-schema-graph\">{\"@context\":\"https:\/\/schema.org\",\"@graph\":[{\"@type\":\"WebPage\",\"@id\":\"https:\/\/departamentos.ufrrj.br\/icbs-dcfis\/fale-conosco\/\",\"url\":\"https:\/\/departamentos.ufrrj.br\/icbs-dcfis\/fale-conosco\/\",\"name\":\"Fale conosco - Departamento de Ci\u00eancias Fisiol\u00f3gicas\",\"isPartOf\":{\"@id\":\"https:\/\/departamentos.ufrrj.br\/icbs-dcfis\/#website\"},\"datePublished\":\"2024-09-13T19:03:50+00:00\",\"dateModified\":\"2025-04-09T19:06:52+00:00\",\"breadcrumb\":{\"@id\":\"https:\/\/departamentos.ufrrj.br\/icbs-dcfis\/fale-conosco\/#breadcrumb\"},\"inLanguage\":\"pt-BR\",\"potentialAction\":[{\"@type\":\"ReadAction\",\"target\":[\"https:\/\/departamentos.ufrrj.br\/icbs-dcfis\/fale-conosco\/\"]}]},{\"@type\":\"BreadcrumbList\",\"@id\":\"https:\/\/departamentos.ufrrj.br\/icbs-dcfis\/fale-conosco\/#breadcrumb\",\"itemListElement\":[{\"@type\":\"ListItem\",\"position\":1,\"name\":\"In\u00edcio\",\"item\":\"https:\/\/departamentos.ufrrj.br\/icbs-dcfis\/\"},{\"@type\":\"ListItem\",\"position\":2,\"name\":\"Fale conosco\"}]},{\"@type\":\"WebSite\",\"@id\":\"https:\/\/departamentos.ufrrj.br\/icbs-dcfis\/#website\",\"url\":\"https:\/\/departamentos.ufrrj.br\/icbs-dcfis\/\",\"name\":\"Departamento Ci\u00eancias Administrativas\",\"description\":\"\",\"potentialAction\":[{\"@type\":\"SearchAction\",\"target\":{\"@type\":\"EntryPoint\",\"urlTemplate\":\"https:\/\/departamentos.ufrrj.br\/icbs-dcfis\/?s={search_term_string}\"},\"query-input\":{\"@type\":\"PropertyValueSpecification\",\"valueRequired\":true,\"valueName\":\"search_term_string\"}}],\"inLanguage\":\"pt-BR\"}]}<\/script>\n<!-- \/ Yoast SEO plugin. -->","yoast_head_json":{"title":"Fale conosco - Departamento de Ci\u00eancias Fisiol\u00f3gicas","robots":{"index":"index","follow":"follow","max-snippet":"max-snippet:-1","max-image-preview":"max-image-preview:large","max-video-preview":"max-video-preview:-1"},"canonical":"https:\/\/departamentos.ufrrj.br\/icbs-dcfis\/fale-conosco\/","og_locale":"pt_BR","og_type":"article","og_title":"Fale conosco - Departamento de Ci\u00eancias Fisiol\u00f3gicas","og_description":"Secret\u00e1ria Dione Carvalho Endere\u00e7o: UFRRJ, BR 465, Km 7, Centro Integrado de Ci\u00eancias da Sa\u00fade (CICS),\u00a02\u00b0\u00a0andar, sala 31,\u00a0 \u00a0 \u00a0 \u00a0 \u00a0 [&hellip;]","og_url":"https:\/\/departamentos.ufrrj.br\/icbs-dcfis\/fale-conosco\/","og_site_name":"Departamento de Ci\u00eancias Fisiol\u00f3gicas","article_modified_time":"2025-04-09T19:06:52+00:00","twitter_card":"summary_large_image","twitter_misc":{"Est. tempo de leitura":"1 minuto"},"schema":{"@context":"https:\/\/schema.org","@graph":[{"@type":"WebPage","@id":"https:\/\/departamentos.ufrrj.br\/icbs-dcfis\/fale-conosco\/","url":"https:\/\/departamentos.ufrrj.br\/icbs-dcfis\/fale-conosco\/","name":"Fale conosco - Departamento de Ci\u00eancias Fisiol\u00f3gicas","isPartOf":{"@id":"https:\/\/departamentos.ufrrj.br\/icbs-dcfis\/#website"},"datePublished":"2024-09-13T19:03:50+00:00","dateModified":"2025-04-09T19:06:52+00:00","breadcrumb":{"@id":"https:\/\/departamentos.ufrrj.br\/icbs-dcfis\/fale-conosco\/#breadcrumb"},"inLanguage":"pt-BR","potentialAction":[{"@type":"ReadAction","target":["https:\/\/departamentos.ufrrj.br\/icbs-dcfis\/fale-conosco\/"]}]},{"@type":"BreadcrumbList","@id":"https:\/\/departamentos.ufrrj.br\/icbs-dcfis\/fale-conosco\/#breadcrumb","itemListElement":[{"@type":"ListItem","position":1,"name":"In\u00edcio","item":"https:\/\/departamentos.ufrrj.br\/icbs-dcfis\/"},{"@type":"ListItem","position":2,"name":"Fale conosco"}]},{"@type":"WebSite","@id":"https:\/\/departamentos.ufrrj.br\/icbs-dcfis\/#website","url":"https:\/\/departamentos.ufrrj.br\/icbs-dcfis\/","name":"Departamento Ci\u00eancias Administrativas","description":"","potentialAction":[{"@type":"SearchAction","target":{"@type":"EntryPoint","urlTemplate":"https:\/\/departamentos.ufrrj.br\/icbs-dcfis\/?s={search_term_string}"},"query-input":{"@type":"PropertyValueSpecification","valueRequired":true,"valueName":"search_term_string"}}],"inLanguage":"pt-BR"}]}},"_links":{"self":[{"href":"https:\/\/departamentos.ufrrj.br\/icbs-dcfis\/wp-json\/wp\/v2\/pages\/15"}],"collection":[{"href":"https:\/\/departamentos.ufrrj.br\/icbs-dcfis\/wp-json\/wp\/v2\/pages"}],"about":[{"href":"https:\/\/departamentos.ufrrj.br\/icbs-dcfis\/wp-json\/wp\/v2\/types\/page"}],"author":[{"embeddable":true,"href":"https:\/\/departamentos.ufrrj.br\/icbs-dcfis\/wp-json\/wp\/v2\/users\/1"}],"replies":[{"embeddable":true,"href":"https:\/\/departamentos.ufrrj.br\/icbs-dcfis\/wp-json\/wp\/v2\/comments?post=15"}],"version-history":[{"count":7,"href":"https:\/\/departamentos.ufrrj.br\/icbs-dcfis\/wp-json\/wp\/v2\/pages\/15\/revisions"}],"predecessor-version":[{"id":174,"href":"https:\/\/departamentos.ufrrj.br\/icbs-dcfis\/wp-json\/wp\/v2\/pages\/15\/revisions\/174"}],"wp:attachment":[{"href":"https:\/\/departamentos.ufrrj.br\/icbs-dcfis\/wp-json\/wp\/v2\/media?parent=15"}],"curies":[{"name":"wp","href":"https:\/\/api.w.org\/{rel}","templated":true}]}}