{"id":175,"date":"2025-04-09T14:53:25","date_gmt":"2025-04-09T17:53:25","guid":{"rendered":"https:\/\/departamentos.ufrrj.br\/icbs-dcfis\/?page_id=175"},"modified":"2025-08-15T17:05:48","modified_gmt":"2025-08-15T20:05:48","slug":"disciplinas-obrigatorias","status":"publish","type":"page","link":"https:\/\/departamentos.ufrrj.br\/icbs-dcfis\/disciplinas-obrigatorias\/","title":{"rendered":"Disciplinas obrigat\u00f3rias"},"content":{"rendered":"\n<p>IB 314 &#8211; BASES FISIOL\u00d3GICAS DOS DESEQUIL\u00cdBRIOS HOMEOST\u00c1TICOS<\/p>\n\n\n\n<p>IB 316 &#8211; BIOF\u00cdSICA APLCADA<\/p>\n\n\n\n<p>IB 333- BIOF\u00cdSICA B\u00c1SICA<\/p>\n\n\n\n<p>IB 325 &#8211; FARMACOLOGIA DE PRODUTOS NATURAIS<\/p>\n\n\n\n<p>IB 318 &#8211; FARMACOLOGIA GERAL I<\/p>\n\n\n\n<p>IB 319 &#8211; FARMACOLOGIA GERAL II<\/p>\n\n\n\n<p>IB 305 FISIOLOGIA ANIMAL<\/p>\n\n\n\n<p>IB 306 &#8211; FISIOLOGIA ANIMAL I<\/p>\n\n\n\n<p>IB 307 &#8211; FISIOLOGIA ANIMAL II<\/p>\n\n\n\n<p>IB 341 &#8211; FISIOLGIA ANIMAL I PARA ZOOTECNIA<\/p>\n\n\n\n<p>IB 342 &#8211; FISIOLGIA ANIMAL II PARA ZOOTECNIA<\/p>\n\n\n\n<p>IB 315 FISIOLOGIA VEGETAL<\/p>\n","protected":false},"excerpt":{"rendered":"<p>IB 314 &#8211; BASES FISIOL\u00d3GICAS DOS DESEQUIL\u00cdBRIOS HOMEOST\u00c1TICOS IB 316 &#8211; BIOF\u00cdSICA APLCADA IB 333- BIOF\u00cdSICA B\u00c1SICA IB 325 &#8211; FARMACOLOGIA DE [&hellip;]<\/p>\n","protected":false},"author":1,"featured_media":0,"parent":0,"menu_order":0,"comment_status":"closed","ping_status":"closed","template":"","meta":{"_acf_changed":false,"footnotes":""},"class_list":["post-175","page","type-page","status-publish","hentry"],"acf":[],"yoast_head":"<!-- This site is optimized with the Yoast SEO plugin v23.4 - https:\/\/yoast.com\/wordpress\/plugins\/seo\/ -->\n<title>Disciplinas obrigat\u00f3rias - Departamento de Ci\u00eancias Fisiol\u00f3gicas<\/title>\n<meta name=\"robots\" content=\"index, follow, max-snippet:-1, max-image-preview:large, max-video-preview:-1\" \/>\n<link rel=\"canonical\" href=\"https:\/\/departamentos.ufrrj.br\/icbs-dcfis\/disciplinas-obrigatorias\/\" \/>\n<meta property=\"og:locale\" content=\"pt_BR\" \/>\n<meta property=\"og:type\" content=\"article\" \/>\n<meta property=\"og:title\" content=\"Disciplinas obrigat\u00f3rias - Departamento de Ci\u00eancias Fisiol\u00f3gicas\" \/>\n<meta property=\"og:description\" content=\"IB 314 &#8211; BASES FISIOL\u00d3GICAS DOS DESEQUIL\u00cdBRIOS HOMEOST\u00c1TICOS IB 316 &#8211; BIOF\u00cdSICA APLCADA IB 333- BIOF\u00cdSICA B\u00c1SICA IB 325 &#8211; FARMACOLOGIA DE [&hellip;]\" \/>\n<meta property=\"og:url\" content=\"https:\/\/departamentos.ufrrj.br\/icbs-dcfis\/disciplinas-obrigatorias\/\" \/>\n<meta property=\"og:site_name\" content=\"Departamento de Ci\u00eancias Fisiol\u00f3gicas\" \/>\n<meta property=\"article:modified_time\" content=\"2025-08-15T20:05:48+00:00\" \/>\n<meta name=\"twitter:card\" content=\"summary_large_image\" \/>\n<meta name=\"twitter:label1\" content=\"Est. tempo de leitura\" \/>\n\t<meta name=\"twitter:data1\" content=\"1 minuto\" \/>\n<script type=\"application\/ld+json\" class=\"yoast-schema-graph\">{\"@context\":\"https:\/\/schema.org\",\"@graph\":[{\"@type\":\"WebPage\",\"@id\":\"https:\/\/departamentos.ufrrj.br\/icbs-dcfis\/disciplinas-obrigatorias\/\",\"url\":\"https:\/\/departamentos.ufrrj.br\/icbs-dcfis\/disciplinas-obrigatorias\/\",\"name\":\"Disciplinas obrigat\u00f3rias - Departamento de Ci\u00eancias Fisiol\u00f3gicas\",\"isPartOf\":{\"@id\":\"https:\/\/departamentos.ufrrj.br\/icbs-dcfis\/#website\"},\"datePublished\":\"2025-04-09T17:53:25+00:00\",\"dateModified\":\"2025-08-15T20:05:48+00:00\",\"breadcrumb\":{\"@id\":\"https:\/\/departamentos.ufrrj.br\/icbs-dcfis\/disciplinas-obrigatorias\/#breadcrumb\"},\"inLanguage\":\"pt-BR\",\"potentialAction\":[{\"@type\":\"ReadAction\",\"target\":[\"https:\/\/departamentos.ufrrj.br\/icbs-dcfis\/disciplinas-obrigatorias\/\"]}]},{\"@type\":\"BreadcrumbList\",\"@id\":\"https:\/\/departamentos.ufrrj.br\/icbs-dcfis\/disciplinas-obrigatorias\/#breadcrumb\",\"itemListElement\":[{\"@type\":\"ListItem\",\"position\":1,\"name\":\"In\u00edcio\",\"item\":\"https:\/\/departamentos.ufrrj.br\/icbs-dcfis\/\"},{\"@type\":\"ListItem\",\"position\":2,\"name\":\"Disciplinas obrigat\u00f3rias\"}]},{\"@type\":\"WebSite\",\"@id\":\"https:\/\/departamentos.ufrrj.br\/icbs-dcfis\/#website\",\"url\":\"https:\/\/departamentos.ufrrj.br\/icbs-dcfis\/\",\"name\":\"Departamento Ci\u00eancias Administrativas\",\"description\":\"\",\"potentialAction\":[{\"@type\":\"SearchAction\",\"target\":{\"@type\":\"EntryPoint\",\"urlTemplate\":\"https:\/\/departamentos.ufrrj.br\/icbs-dcfis\/?s={search_term_string}\"},\"query-input\":{\"@type\":\"PropertyValueSpecification\",\"valueRequired\":true,\"valueName\":\"search_term_string\"}}],\"inLanguage\":\"pt-BR\"}]}<\/script>\n<!-- \/ Yoast SEO plugin. -->","yoast_head_json":{"title":"Disciplinas obrigat\u00f3rias - Departamento de Ci\u00eancias Fisiol\u00f3gicas","robots":{"index":"index","follow":"follow","max-snippet":"max-snippet:-1","max-image-preview":"max-image-preview:large","max-video-preview":"max-video-preview:-1"},"canonical":"https:\/\/departamentos.ufrrj.br\/icbs-dcfis\/disciplinas-obrigatorias\/","og_locale":"pt_BR","og_type":"article","og_title":"Disciplinas obrigat\u00f3rias - Departamento de Ci\u00eancias Fisiol\u00f3gicas","og_description":"IB 314 &#8211; BASES FISIOL\u00d3GICAS DOS DESEQUIL\u00cdBRIOS HOMEOST\u00c1TICOS IB 316 &#8211; BIOF\u00cdSICA APLCADA IB 333- BIOF\u00cdSICA B\u00c1SICA IB 325 &#8211; FARMACOLOGIA DE [&hellip;]","og_url":"https:\/\/departamentos.ufrrj.br\/icbs-dcfis\/disciplinas-obrigatorias\/","og_site_name":"Departamento de Ci\u00eancias Fisiol\u00f3gicas","article_modified_time":"2025-08-15T20:05:48+00:00","twitter_card":"summary_large_image","twitter_misc":{"Est. tempo de leitura":"1 minuto"},"schema":{"@context":"https:\/\/schema.org","@graph":[{"@type":"WebPage","@id":"https:\/\/departamentos.ufrrj.br\/icbs-dcfis\/disciplinas-obrigatorias\/","url":"https:\/\/departamentos.ufrrj.br\/icbs-dcfis\/disciplinas-obrigatorias\/","name":"Disciplinas obrigat\u00f3rias - Departamento de Ci\u00eancias Fisiol\u00f3gicas","isPartOf":{"@id":"https:\/\/departamentos.ufrrj.br\/icbs-dcfis\/#website"},"datePublished":"2025-04-09T17:53:25+00:00","dateModified":"2025-08-15T20:05:48+00:00","breadcrumb":{"@id":"https:\/\/departamentos.ufrrj.br\/icbs-dcfis\/disciplinas-obrigatorias\/#breadcrumb"},"inLanguage":"pt-BR","potentialAction":[{"@type":"ReadAction","target":["https:\/\/departamentos.ufrrj.br\/icbs-dcfis\/disciplinas-obrigatorias\/"]}]},{"@type":"BreadcrumbList","@id":"https:\/\/departamentos.ufrrj.br\/icbs-dcfis\/disciplinas-obrigatorias\/#breadcrumb","itemListElement":[{"@type":"ListItem","position":1,"name":"In\u00edcio","item":"https:\/\/departamentos.ufrrj.br\/icbs-dcfis\/"},{"@type":"ListItem","position":2,"name":"Disciplinas obrigat\u00f3rias"}]},{"@type":"WebSite","@id":"https:\/\/departamentos.ufrrj.br\/icbs-dcfis\/#website","url":"https:\/\/departamentos.ufrrj.br\/icbs-dcfis\/","name":"Departamento Ci\u00eancias Administrativas","description":"","potentialAction":[{"@type":"SearchAction","target":{"@type":"EntryPoint","urlTemplate":"https:\/\/departamentos.ufrrj.br\/icbs-dcfis\/?s={search_term_string}"},"query-input":{"@type":"PropertyValueSpecification","valueRequired":true,"valueName":"search_term_string"}}],"inLanguage":"pt-BR"}]}},"_links":{"self":[{"href":"https:\/\/departamentos.ufrrj.br\/icbs-dcfis\/wp-json\/wp\/v2\/pages\/175"}],"collection":[{"href":"https:\/\/departamentos.ufrrj.br\/icbs-dcfis\/wp-json\/wp\/v2\/pages"}],"about":[{"href":"https:\/\/departamentos.ufrrj.br\/icbs-dcfis\/wp-json\/wp\/v2\/types\/page"}],"author":[{"embeddable":true,"href":"https:\/\/departamentos.ufrrj.br\/icbs-dcfis\/wp-json\/wp\/v2\/users\/1"}],"replies":[{"embeddable":true,"href":"https:\/\/departamentos.ufrrj.br\/icbs-dcfis\/wp-json\/wp\/v2\/comments?post=175"}],"version-history":[{"count":3,"href":"https:\/\/departamentos.ufrrj.br\/icbs-dcfis\/wp-json\/wp\/v2\/pages\/175\/revisions"}],"predecessor-version":[{"id":223,"href":"https:\/\/departamentos.ufrrj.br\/icbs-dcfis\/wp-json\/wp\/v2\/pages\/175\/revisions\/223"}],"wp:attachment":[{"href":"https:\/\/departamentos.ufrrj.br\/icbs-dcfis\/wp-json\/wp\/v2\/media?parent=175"}],"curies":[{"name":"wp","href":"https:\/\/api.w.org\/{rel}","templated":true}]}}