{"id":175,"date":"2025-04-09T14:53:25","date_gmt":"2025-04-09T17:53:25","guid":{"rendered":"https:\/\/departamentos.ufrrj.br\/solos\/?page_id=175"},"modified":"2025-05-20T12:41:53","modified_gmt":"2025-05-20T15:41:53","slug":"disciplinas-obrigatorias","status":"publish","type":"page","link":"https:\/\/departamentos.ufrrj.br\/solos\/disciplinas-obrigatorias\/","title":{"rendered":"Disciplinas"},"content":{"rendered":"\n<p>O Departamento de Solos oferece as seguintes disciplinas:<\/p>\n\n\n\n<figure class=\"wp-block-table\"><table><tbody><tr><td>IA323<\/td><td>FERTILIDADE DO SOLO<\/td><\/tr><tr><td>IA302<\/td><td>FISICA DO SOLO<\/td><\/tr><tr><td>IA321<\/td><td>FUNDAMENTOS DA CI\u00caNCIA DO SOLO<\/td><\/tr><tr><td>IA327<\/td><td>MANEJO E CONSERVA\u00c7\u00c3O DO SOLO E DA \u00c1GUA<\/td><\/tr><tr><td>IA324<\/td><td>APTID\u00c3O AGR\u00cdCOLA E MANEJO DOS SOLOS<\/td><\/tr><tr><td>IA318<\/td><td>BIOLOGIA DO SOLO<\/td><\/tr><tr><td>IA326<\/td><td>DIN\u00c2MICA DA MAT\u00c9RIA ORG\u00c2NICA DO SOLO<\/td><\/tr><tr><td>IA322<\/td><td>FERTILIDADE DO SOLO E MANEJO ADUBA\u00c7\u00c3O E PASTAGENS<\/td><\/tr><tr><td>IA320<\/td><td>PEDOLOGIA<\/td><\/tr><tr><td>IA325<\/td><td>PEDOLOGIA APLICADA<\/td><\/tr><\/tbody><\/table><\/figure>\n\n\n\n<p><\/p>\n","protected":false},"excerpt":{"rendered":"<p>O Departamento de Solos oferece as seguintes disciplinas: IA323 FERTILIDADE DO SOLO IA302 FISICA DO SOLO IA321 FUNDAMENTOS DA CI\u00caNCIA DO SOLO [&hellip;]<\/p>\n","protected":false},"author":1,"featured_media":0,"parent":0,"menu_order":0,"comment_status":"closed","ping_status":"closed","template":"","meta":{"_acf_changed":false,"footnotes":""},"class_list":["post-175","page","type-page","status-publish","hentry"],"acf":[],"yoast_head":"<!-- This site is optimized with the Yoast SEO plugin v23.4 - https:\/\/yoast.com\/wordpress\/plugins\/seo\/ -->\n<title>Disciplinas - Departamento de Solos<\/title>\n<meta name=\"robots\" content=\"index, follow, max-snippet:-1, max-image-preview:large, max-video-preview:-1\" \/>\n<link rel=\"canonical\" href=\"https:\/\/departamentos.ufrrj.br\/solos\/disciplinas-obrigatorias\/\" \/>\n<meta property=\"og:locale\" content=\"pt_BR\" \/>\n<meta property=\"og:type\" content=\"article\" \/>\n<meta property=\"og:title\" content=\"Disciplinas - Departamento de Solos\" \/>\n<meta property=\"og:description\" content=\"O Departamento de Solos oferece as seguintes disciplinas: IA323 FERTILIDADE DO SOLO IA302 FISICA DO SOLO IA321 FUNDAMENTOS DA CI\u00caNCIA DO SOLO [&hellip;]\" \/>\n<meta property=\"og:url\" content=\"https:\/\/departamentos.ufrrj.br\/solos\/disciplinas-obrigatorias\/\" \/>\n<meta property=\"og:site_name\" content=\"Departamento de Solos\" \/>\n<meta property=\"article:modified_time\" content=\"2025-05-20T15:41:53+00:00\" \/>\n<meta name=\"twitter:card\" content=\"summary_large_image\" \/>\n<meta name=\"twitter:label1\" content=\"Est. tempo de leitura\" \/>\n\t<meta name=\"twitter:data1\" content=\"1 minuto\" \/>\n<script type=\"application\/ld+json\" class=\"yoast-schema-graph\">{\"@context\":\"https:\/\/schema.org\",\"@graph\":[{\"@type\":\"WebPage\",\"@id\":\"https:\/\/departamentos.ufrrj.br\/solos\/disciplinas-obrigatorias\/\",\"url\":\"https:\/\/departamentos.ufrrj.br\/solos\/disciplinas-obrigatorias\/\",\"name\":\"Disciplinas - Departamento de Solos\",\"isPartOf\":{\"@id\":\"https:\/\/departamentos.ufrrj.br\/solos\/#website\"},\"datePublished\":\"2025-04-09T17:53:25+00:00\",\"dateModified\":\"2025-05-20T15:41:53+00:00\",\"breadcrumb\":{\"@id\":\"https:\/\/departamentos.ufrrj.br\/solos\/disciplinas-obrigatorias\/#breadcrumb\"},\"inLanguage\":\"pt-BR\",\"potentialAction\":[{\"@type\":\"ReadAction\",\"target\":[\"https:\/\/departamentos.ufrrj.br\/solos\/disciplinas-obrigatorias\/\"]}]},{\"@type\":\"BreadcrumbList\",\"@id\":\"https:\/\/departamentos.ufrrj.br\/solos\/disciplinas-obrigatorias\/#breadcrumb\",\"itemListElement\":[{\"@type\":\"ListItem\",\"position\":1,\"name\":\"In\u00edcio\",\"item\":\"https:\/\/departamentos.ufrrj.br\/solos\/\"},{\"@type\":\"ListItem\",\"position\":2,\"name\":\"Disciplinas\"}]},{\"@type\":\"WebSite\",\"@id\":\"https:\/\/departamentos.ufrrj.br\/solos\/#website\",\"url\":\"https:\/\/departamentos.ufrrj.br\/solos\/\",\"name\":\"Departamento Ci\u00eancias Administrativas\",\"description\":\"\",\"potentialAction\":[{\"@type\":\"SearchAction\",\"target\":{\"@type\":\"EntryPoint\",\"urlTemplate\":\"https:\/\/departamentos.ufrrj.br\/solos\/?s={search_term_string}\"},\"query-input\":{\"@type\":\"PropertyValueSpecification\",\"valueRequired\":true,\"valueName\":\"search_term_string\"}}],\"inLanguage\":\"pt-BR\"}]}<\/script>\n<!-- \/ Yoast SEO plugin. -->","yoast_head_json":{"title":"Disciplinas - Departamento de Solos","robots":{"index":"index","follow":"follow","max-snippet":"max-snippet:-1","max-image-preview":"max-image-preview:large","max-video-preview":"max-video-preview:-1"},"canonical":"https:\/\/departamentos.ufrrj.br\/solos\/disciplinas-obrigatorias\/","og_locale":"pt_BR","og_type":"article","og_title":"Disciplinas - Departamento de Solos","og_description":"O Departamento de Solos oferece as seguintes disciplinas: IA323 FERTILIDADE DO SOLO IA302 FISICA DO SOLO IA321 FUNDAMENTOS DA CI\u00caNCIA DO SOLO [&hellip;]","og_url":"https:\/\/departamentos.ufrrj.br\/solos\/disciplinas-obrigatorias\/","og_site_name":"Departamento de Solos","article_modified_time":"2025-05-20T15:41:53+00:00","twitter_card":"summary_large_image","twitter_misc":{"Est. tempo de leitura":"1 minuto"},"schema":{"@context":"https:\/\/schema.org","@graph":[{"@type":"WebPage","@id":"https:\/\/departamentos.ufrrj.br\/solos\/disciplinas-obrigatorias\/","url":"https:\/\/departamentos.ufrrj.br\/solos\/disciplinas-obrigatorias\/","name":"Disciplinas - Departamento de Solos","isPartOf":{"@id":"https:\/\/departamentos.ufrrj.br\/solos\/#website"},"datePublished":"2025-04-09T17:53:25+00:00","dateModified":"2025-05-20T15:41:53+00:00","breadcrumb":{"@id":"https:\/\/departamentos.ufrrj.br\/solos\/disciplinas-obrigatorias\/#breadcrumb"},"inLanguage":"pt-BR","potentialAction":[{"@type":"ReadAction","target":["https:\/\/departamentos.ufrrj.br\/solos\/disciplinas-obrigatorias\/"]}]},{"@type":"BreadcrumbList","@id":"https:\/\/departamentos.ufrrj.br\/solos\/disciplinas-obrigatorias\/#breadcrumb","itemListElement":[{"@type":"ListItem","position":1,"name":"In\u00edcio","item":"https:\/\/departamentos.ufrrj.br\/solos\/"},{"@type":"ListItem","position":2,"name":"Disciplinas"}]},{"@type":"WebSite","@id":"https:\/\/departamentos.ufrrj.br\/solos\/#website","url":"https:\/\/departamentos.ufrrj.br\/solos\/","name":"Departamento Ci\u00eancias Administrativas","description":"","potentialAction":[{"@type":"SearchAction","target":{"@type":"EntryPoint","urlTemplate":"https:\/\/departamentos.ufrrj.br\/solos\/?s={search_term_string}"},"query-input":{"@type":"PropertyValueSpecification","valueRequired":true,"valueName":"search_term_string"}}],"inLanguage":"pt-BR"}]}},"_links":{"self":[{"href":"https:\/\/departamentos.ufrrj.br\/solos\/wp-json\/wp\/v2\/pages\/175"}],"collection":[{"href":"https:\/\/departamentos.ufrrj.br\/solos\/wp-json\/wp\/v2\/pages"}],"about":[{"href":"https:\/\/departamentos.ufrrj.br\/solos\/wp-json\/wp\/v2\/types\/page"}],"author":[{"embeddable":true,"href":"https:\/\/departamentos.ufrrj.br\/solos\/wp-json\/wp\/v2\/users\/1"}],"replies":[{"embeddable":true,"href":"https:\/\/departamentos.ufrrj.br\/solos\/wp-json\/wp\/v2\/comments?post=175"}],"version-history":[{"count":3,"href":"https:\/\/departamentos.ufrrj.br\/solos\/wp-json\/wp\/v2\/pages\/175\/revisions"}],"predecessor-version":[{"id":229,"href":"https:\/\/departamentos.ufrrj.br\/solos\/wp-json\/wp\/v2\/pages\/175\/revisions\/229"}],"wp:attachment":[{"href":"https:\/\/departamentos.ufrrj.br\/solos\/wp-json\/wp\/v2\/media?parent=175"}],"curies":[{"name":"wp","href":"https:\/\/api.w.org\/{rel}","templated":true}]}}